{"id":656,"date":"2023-05-04T08:34:08","date_gmt":"2023-05-04T08:34:08","guid":{"rendered":"https:\/\/test-agraph.space\/work\/tienda\/?post_type=product&#038;p=656"},"modified":"2023-06-21T18:00:10","modified_gmt":"2023-06-21T18:00:10","slug":"cariatide-m-eng","status":"publish","type":"product","link":"https:\/\/test-agraph.space\/work\/tienda\/en\/producto\/cariatide-m-eng\/","title":{"rendered":"Cari\u00e1tide M"},"content":{"rendered":"<p>[vc_row unlock_row_content=&#8221;yes&#8221; row_height_percent=&#8221;0&#8243; override_padding=&#8221;yes&#8221; h_padding=&#8221;2&#8243; top_padding=&#8221;0&#8243; bottom_padding=&#8221;0&#8243; overlay_alpha=&#8221;50&#8243; gutter_size=&#8221;3&#8243; column_width_percent=&#8221;100&#8243; shift_y=&#8221;0&#8243; z_index=&#8221;0&#8243; uncode_shortcode_id=&#8221;950956&#8243;][vc_column width=&#8221;1\/1&#8243;][vc_empty_space empty_h=&#8221;2&#8243;][\/vc_column][\/vc_row][vc_row unlock_row_content=&#8221;yes&#8221; row_height_percent=&#8221;0&#8243; overlay_alpha=&#8221;50&#8243; gutter_size=&#8221;3&#8243; column_width_percent=&#8221;100&#8243; shift_y=&#8221;0&#8243; z_index=&#8221;0&#8243; uncode_shortcode_id=&#8221;362315&#8243; el_class=&#8221;img8-12&#8243;][vc_column width=&#8221;1\/2&#8243;][vc_column_text uncode_shortcode_id=&#8221;159571&#8243; css=&#8221;.vc_custom_1684911007609{margin-bottom: -15px !important;}&#8221;]<\/p>\n<h2 class=\"metadatosCentro\" style=\"text-align: left;\">DISE\u00d1O<\/h2>\n<p>[\/vc_column_text][vc_column_text uncode_shortcode_id=&#8221;176084&#8243;]<\/p>\n<p class=\"normal\">La colecci\u00f3n de piezas decorativas Cari\u00e1tide se presenta en varias escalas y en diferentes alturas para poder adaptarse a cualquier ambiente. Conformadas como una extrusi\u00f3n vertical de una geometr\u00eda precisa que combina tramos rectos con curvas, sus cantos laterales aportan una esbeltez serena y elegante. La agrupaci\u00f3n de varias piezas configura, en s\u00ed misma, un entramado geom\u00e9trico que sortea la atm\u00f3sfera en la que se ubica.<\/p>\n<p>[\/vc_column_text][\/vc_column][vc_column width=&#8221;1\/2&#8243;][vc_column_text uncode_shortcode_id=&#8221;347986&#8243; css=&#8221;.vc_custom_1682961030055{margin-bottom: -15px !important;}&#8221;]<\/p>\n<h2 class=\"metadatosCentro\" style=\"text-align: left;\">TASAS<\/h2>\n<p>[\/vc_column_text][vc_column_text uncode_shortcode_id=&#8221;128852&#8243;]<\/p>\n<p class=\"normal\">Lorem ipsum dolor sit amet, consectetur adipiscing elit. Donec metus ante, feugiat eu sollicitudin a, accumsan accumsan nunc. Duis id orci efficitur mi rutrum facilisis. Suspendisse potenti. Nulla congue nulla sit amet sapien condimentum iaculis. Integer sodales feugiat tortor.<\/p>\n<p>[\/vc_column_text][vc_column_text uncode_shortcode_id=&#8221;129439&#8243; css=&#8221;.vc_custom_1684950325284{margin-bottom: -15px !important;}&#8221;]<\/p>\n<h2 class=\"metadatosCentro\" style=\"text-align: left;\">PLAZO DE ENV\u00cdO<\/h2>\n<p>[\/vc_column_text][vc_column_text uncode_shortcode_id=&#8221;141911&#8243;]<\/p>\n<p class=\"normal\">3-4 semanas<\/p>\n<p>[\/vc_column_text][\/vc_column][\/vc_row][vc_row unlock_row_content=&#8221;yes&#8221; row_height_percent=&#8221;0&#8243; override_padding=&#8221;yes&#8221; h_padding=&#8221;0&#8243; top_padding=&#8221;0&#8243; bottom_padding=&#8221;0&#8243; overlay_alpha=&#8221;50&#8243; gutter_size=&#8221;3&#8243; column_width_percent=&#8221;100&#8243; shift_y=&#8221;0&#8243; z_index=&#8221;0&#8243; uncode_shortcode_id=&#8221;409923&#8243; el_class=&#8221;img8-12&#8243;][vc_column width=&#8221;1\/1&#8243;][vc_empty_space empty_h=&#8221;4&#8243;][vc_separator sep_color=&#8221;&#8221; mobile_visibility=&#8221;yes&#8221; uncode_shortcode_id=&#8221;150718&#8243; el_width=&#8221;100%&#8221; el_height=&#8221;1&#8243; el_class=&#8221;divLinea04&#8243;][\/vc_column][\/vc_row][vc_row unlock_row_content=&#8221;yes&#8221; row_height_percent=&#8221;0&#8243; override_padding=&#8221;yes&#8221; h_padding=&#8221;0&#8243; top_padding=&#8221;0&#8243; bottom_padding=&#8221;0&#8243; overlay_alpha=&#8221;50&#8243; gutter_size=&#8221;3&#8243; column_width_percent=&#8221;100&#8243; shift_y=&#8221;0&#8243; z_index=&#8221;0&#8243; mobile_visibility=&#8221;yes&#8221; uncode_shortcode_id=&#8221;130982&#8243; css=&#8221;.vc_custom_1684513763554{margin-bottom: 0px !important;padding-bottom: 0px !important;}&#8221; el_class=&#8221;img8-12 out&#8221;][vc_column column_width_percent=&#8221;100&#8243; gutter_size=&#8221;3&#8243; overlay_alpha=&#8221;50&#8243; shift_x=&#8221;0&#8243; shift_y=&#8221;0&#8243; shift_y_down=&#8221;0&#8243; z_index=&#8221;0&#8243; medium_width=&#8221;0&#8243; mobile_width=&#8221;0&#8243; width=&#8221;1\/1&#8243; uncode_shortcode_id=&#8221;149457&#8243; css=&#8221;.vc_custom_1677583893277{padding-right: 10px !important;padding-left: 10px !important;}&#8221;][vc_empty_space empty_h=&#8221;0&#8243; medium_visibility=&#8221;yes&#8221; mobile_visibility=&#8221;yes&#8221;][uncode_navigation hide_label=&#8221;yes&#8221; hide_thumbnails=&#8221;yes&#8221; title_custom_typo=&#8221;yes&#8221; title_size=&#8221;h1&#8243; title_weight=&#8221;400&#8243; title_responsive=&#8221;yes&#8221; icon_size=&#8221;fa-3x&#8221; prev_icon=&#8221;fa fa-arrow-left4&#8243; next_icon=&#8221;fa fa-arrow-right4&#8243;][vc_empty_space empty_h=&#8221;0&#8243;][vc_empty_space empty_h=&#8221;3&#8243; mobile_visibility=&#8221;yes&#8221;][\/vc_column][\/vc_row][vc_row unlock_row_content=&#8221;yes&#8221; row_height_percent=&#8221;0&#8243; override_padding=&#8221;yes&#8221; h_padding=&#8221;0&#8243; top_padding=&#8221;0&#8243; bottom_padding=&#8221;0&#8243; overlay_alpha=&#8221;50&#8243; gutter_size=&#8221;3&#8243; column_width_percent=&#8221;100&#8243; shift_y=&#8221;0&#8243; z_index=&#8221;0&#8243; desktop_visibility=&#8221;yes&#8221; medium_visibility=&#8221;yes&#8221; uncode_shortcode_id=&#8221;198824&#8243; css=&#8221;.vc_custom_1678189224057{margin-bottom: 0px !important;padding-bottom: 0px !important;}&#8221; el_class=&#8221;myDiv2 out&#8221;][vc_column column_width_percent=&#8221;100&#8243; gutter_size=&#8221;3&#8243; overlay_alpha=&#8221;50&#8243; shift_x=&#8221;0&#8243; shift_y=&#8221;0&#8243; shift_y_down=&#8221;0&#8243; z_index=&#8221;0&#8243; medium_width=&#8221;0&#8243; mobile_visibility=&#8221;yes&#8221; mobile_width=&#8221;0&#8243; width=&#8221;1\/6&#8243; uncode_shortcode_id=&#8221;880798&#8243;][\/vc_column][vc_column column_width_percent=&#8221;100&#8243; gutter_size=&#8221;3&#8243; overlay_alpha=&#8221;50&#8243; shift_x=&#8221;0&#8243; shift_y=&#8221;0&#8243; shift_y_down=&#8221;0&#8243; z_index=&#8221;0&#8243; medium_width=&#8221;0&#8243; mobile_width=&#8221;0&#8243; width=&#8221;4\/6&#8243; uncode_shortcode_id=&#8221;779908&#8243; css=&#8221;.vc_custom_1677584236802{padding-right: 20px !important;padding-left: 20px !important;}&#8221;][vc_separator sep_color=&#8221;&#8221; uncode_shortcode_id=&#8221;129580&#8243; el_width=&#8221;100%&#8221; el_height=&#8221;1&#8243;][uncode_navigation hide_label=&#8221;yes&#8221; hide_thumbnails=&#8221;yes&#8221; title_custom_typo=&#8221;yes&#8221; title_size=&#8221;h1&#8243; title_weight=&#8221;400&#8243; title_responsive=&#8221;yes&#8221; prev_icon=&#8221;fa fa-arrow-left4&#8243; next_icon=&#8221;fa fa-arrow-right4&#8243;][vc_empty_space empty_h=&#8221;0&#8243;][vc_empty_space empty_h=&#8221;3&#8243;][\/vc_column][vc_column column_width_percent=&#8221;100&#8243; gutter_size=&#8221;3&#8243; overlay_alpha=&#8221;50&#8243; shift_x=&#8221;0&#8243; shift_y=&#8221;0&#8243; shift_y_down=&#8221;0&#8243; z_index=&#8221;0&#8243; medium_width=&#8221;0&#8243; mobile_visibility=&#8221;yes&#8221; mobile_width=&#8221;0&#8243; width=&#8221;1\/6&#8243; uncode_shortcode_id=&#8221;789372&#8243;][\/vc_column][\/vc_row]<\/p>\n","protected":false},"excerpt":{"rendered":"<p>[vc_row unlock_row_content=&#8221;yes&#8221; row_height_percent=&#8221;0&#8243; override_padding=&#8221;yes&#8221; h_padding=&#8221;2&#8243; top_padding=&#8221;0&#8243; bottom_padding=&#8221;0&#8243; overlay_alpha=&#8221;50&#8243; gutter_size=&#8221;3&#8243; column_width_percent=&#8221;100&#8243; shift_y=&#8221;0&#8243; z_index=&#8221;0&#8243; uncode_shortcode_id=&#8221;950956&#8243;][vc_column width=&#8221;1\/1&#8243;][vc_empty_space empty_h=&#8221;2&#8243;][\/vc_column][\/vc_row][vc_row unlock_row_content=&#8221;yes&#8221; row_height_percent=&#8221;0&#8243; overlay_alpha=&#8221;50&#8243; gutter_size=&#8221;3&#8243; column_width_percent=&#8221;100&#8243; [&hellip;]<\/p>\n","protected":false},"featured_media":490,"template":"","meta":[],"product_brand":[],"product_cat":[56],"product_tag":[],"class_list":{"0":"post-656","1":"product","2":"type-product","3":"status-publish","4":"has-post-thumbnail","6":"product_cat-decorative-object","8":"first","9":"instock","10":"taxable","11":"shipping-taxable","12":"purchasable","13":"product-type-variable","14":"has-default-attributes","15":"woocommerce-product-gallery--with-variation-gallery product-gallery-placeholder"},"jetpack_sharing_enabled":true,"_links":{"self":[{"href":"https:\/\/test-agraph.space\/work\/tienda\/en\/wp-json\/wp\/v2\/product\/656","targetHints":{"allow":["GET"]}}],"collection":[{"href":"https:\/\/test-agraph.space\/work\/tienda\/en\/wp-json\/wp\/v2\/product"}],"about":[{"href":"https:\/\/test-agraph.space\/work\/tienda\/en\/wp-json\/wp\/v2\/types\/product"}],"wp:featuredmedia":[{"embeddable":true,"href":"https:\/\/test-agraph.space\/work\/tienda\/en\/wp-json\/wp\/v2\/media\/490"}],"wp:attachment":[{"href":"https:\/\/test-agraph.space\/work\/tienda\/en\/wp-json\/wp\/v2\/media?parent=656"}],"wp:term":[{"taxonomy":"product_brand","embeddable":true,"href":"https:\/\/test-agraph.space\/work\/tienda\/en\/wp-json\/wp\/v2\/product_brand?post=656"},{"taxonomy":"product_cat","embeddable":true,"href":"https:\/\/test-agraph.space\/work\/tienda\/en\/wp-json\/wp\/v2\/product_cat?post=656"},{"taxonomy":"product_tag","embeddable":true,"href":"https:\/\/test-agraph.space\/work\/tienda\/en\/wp-json\/wp\/v2\/product_tag?post=656"}],"curies":[{"name":"wp","href":"https:\/\/api.w.org\/{rel}","templated":true}]}}