{"id":2007,"date":"2025-12-12T18:55:36","date_gmt":"2025-12-12T17:55:36","guid":{"rendered":"https:\/\/test-agraph.space\/cisma\/?page_id=2007"},"modified":"2026-01-14T14:20:23","modified_gmt":"2026-01-14T13:20:23","slug":"the-wrong-biennale","status":"publish","type":"page","link":"https:\/\/test-agraph.space\/cisma\/lab\/the-wrong-biennale\/","title":{"rendered":"The Wrong Biennale"},"content":{"rendered":"<div class=\"wpb-content-wrapper\"><p>[vc_row][vc_column width=\u00bb1\/1&#8243;][uncode_block id=\u00bb600&#8243;][\/vc_column][\/vc_row][vc_row unlock_row_content=\u00bbyes\u00bb row_height_percent=\u00bb0&#8243; override_padding=\u00bbyes\u00bb h_padding=\u00bb0&#8243; top_padding=\u00bb0&#8243; bottom_padding=\u00bb0&#8243; overlay_alpha=\u00bb50&#8243; gutter_size=\u00bb3&#8243; column_width_percent=\u00bb100&#8243; shift_y=\u00bb0&#8243; z_index=\u00bb3&#8243; content_parallax=\u00bb0&#8243; uncode_shortcode_id=\u00bb184926&#8243; el_class=\u00bbhero-wrap DivHeader Blur\u00bb][vc_column column_width_percent=\u00bb100&#8243; gutter_size=\u00bb3&#8243; override_padding=\u00bbyes\u00bb column_padding=\u00bb0&#8243; overlay_alpha=\u00bb50&#8243; shift_x=\u00bb0&#8243; shift_y=\u00bb0&#8243; shift_y_down=\u00bb0&#8243; z_index=\u00bb0&#8243; medium_width=\u00bb0&#8243; mobile_width=\u00bb0&#8243; width=\u00bb1\/1&#8243; uncode_shortcode_id=\u00bb316626&#8243; el_class=\u00bbhero-stack\u00bb]\n\t\t\t\t<p class=\"rs-p-wp-fix\"><\/p>\n\t\t\t\t<sr7-module data-alias=\"art-soliman-01\" data-id=\"63\" id=\"SR7_63_1\" class=\"rs-ov-hidden\" data-version=\"6.7.37\">\n\t\t\t\t\t<sr7-adjuster><\/sr7-adjuster>\n\t\t\t\t\t<sr7-content>\n\t\t\t\t\t\t<sr7-slide id=\"SR7_63_1-131\" data-key=\"131\">\n\t\t\t\t\t\t<\/sr7-slide>\n\t\t\t\t\t\t<sr7-slide id=\"SR7_63_1-132\" data-key=\"132\">\n\t\t\t\t\t\t<\/sr7-slide>\n\t\t\t\t\t<\/sr7-content>\n\t\t\t\t<\/sr7-module>\n\t\t\t\t<script>\n\t\t\t\t\tSR7.PMH ??={}; SR7.PMH[\"SR7_63_1\"] = {cn:100,state:false,fn: function() { if (_tpt!==undefined && _tpt.prepareModuleHeight !== undefined) {  _tpt.prepareModuleHeight({id:\"SR7_63_1\",el:[900,900,900,900,720],type:'standard',shdw:'0',gh:[900,900,900,900,720],gw:[1240,1240,1240,1240,480],vpt:['-100px&#039;,&#039;-100px&#039;,&#039;-100px&#039;,&#039;-100px&#039;,&#039;-100px'],size:{fullWidth:true, fullHeight:true},fho:'',mh:'0',onh:0,onw:0,bg:{color:'{\"orig\":\"transparent\",\"type\":\"solid\",\"string\":\"transparent\"}'}});   SR7.PMH[\"SR7_63_1\"].state=true;} else if(SR7.PMH[\"SR7_63_1\"].cn-->0)\tsetTimeout( SR7.PMH[\"SR7_63_1\"].fn,19);}};SR7.PMH[\"SR7_63_1\" ].fn();\n\t\t\t\t<\/script>\n[vc_column_text uncode_shortcode_id=\u00bb189112&#8243; el_class=\u00bbhero-top\u00bb]<\/p>\n<h1 class=\"tituloLab MPFadePalabras\">THE WRONG<br \/>\nBIENNALE.<\/h1>\n<h5 class=\"subtituloLab MPFadePalabras\">01.11.25-31.03.26<\/h5>\n<h2 class=\"subtituloLab MPFadeSubtitulo\"><span style=\"color: #fb5957;\">Embajada<br \/>\ncisma<\/span><\/h2>\n<p>[\/vc_column_text][vc_column_text uncode_shortcode_id=\u00bb185310&#8243; el_class=\u00bbhero-bottom MPFadeMenu1&#8243;]<\/p>\n<h3 class=\"Menu NoMarginDown\"><a class=\"_ps2id MPLinkAmarillo\" href=\"#informacion\" data-ps2id-offset=\"\">Info<\/a><br \/>\n<a class=\"_ps2id MPLinkAmarillo\" href=\"#participantes\" data-ps2id-offset=\"\">Participantes<\/a><br \/>\n<a class=\"_ps2id MPLinkAmarillo\" href=\"#lugar\" data-ps2id-offset=\"\">Lugar<\/a><\/h3>\n<p><a class=\"_ps2id MPLinkAmarillo\" href=\"#informacion\" data-ps2id-offset=\"\"><img decoding=\"async\" class=\"alignnone wp-image-75\" src=\"https:\/\/test-agraph.space\/cisma\/wp-content\/uploads\/2026\/01\/ArrowRoja2.svg\" alt=\"\" width=\"30\" height=\"30\" \/><\/a>[\/vc_column_text][vc_column_text uncode_shortcode_id=\u00bb269123&#8243; el_class=\u00bbhero-br\u00bb]<\/p>\n<h3 class=\"Artwork NoMarginDown\" style=\"text-align: right;\"><span style=\"color: #d90e00;\"><a class=\"_ps2id MPLinkAmarillo\" href=\"#informacion\" data-ps2id-offset=\"\">Artwork by<\/a><br \/>\n<a class=\"_ps2id MPLinkAmarillo\" href=\"#participantes\" data-ps2id-offset=\"\">Solim\u00e1n L\u00f3pez<\/a><\/span><\/h3>\n<p>[\/vc_column_text][\/vc_column][\/vc_row][vc_row unlock_row_content=\u00bbyes\u00bb row_height_percent=\u00bb0&#8243; override_padding=\u00bbyes\u00bb h_padding=\u00bb0&#8243; top_padding=\u00bb0&#8243; bottom_padding=\u00bb0&#8243; overlay_alpha=\u00bb50&#8243; gutter_size=\u00bb3&#8243; column_width_percent=\u00bb100&#8243; shift_y=\u00bb0&#8243; z_index=\u00bb2&#8243; desktop_visibility=\u00bbyes\u00bb medium_visibility=\u00bbyes\u00bb content_parallax=\u00bb0&#8243; uncode_shortcode_id=\u00bb174078&#8243;][vc_column column_width_percent=\u00bb100&#8243; gutter_size=\u00bb3&#8243; overlay_alpha=\u00bb50&#8243; shift_x=\u00bb0&#8243; shift_y=\u00bb0&#8243; shift_y_down=\u00bb0&#8243; z_index=\u00bb0&#8243; medium_width=\u00bb0&#8243; mobile_width=\u00bb0&#8243; width=\u00bb1\/1&#8243; uncode_shortcode_id=\u00bb109131&#8243;]\n\t\t\t\t<p class=\"rs-p-wp-fix\"><\/p>\n\t\t\t\t<sr7-module data-alias=\"Back-Black\" data-id=\"14\" id=\"SR7_14_2\" class=\"Blur rs-ov-hidden\" data-version=\"6.7.37\">\n\t\t\t\t\t<sr7-adjuster><\/sr7-adjuster>\n\t\t\t\t\t<sr7-content>\n\t\t\t\t\t\t<sr7-slide id=\"SR7_14_2-27\" data-key=\"27\">\n\t\t\t\t\t\t<\/sr7-slide>\n\t\t\t\t\t\t<sr7-slide id=\"SR7_14_2-28\" data-key=\"28\">\n\t\t\t\t\t\t<\/sr7-slide>\n\t\t\t\t\t<\/sr7-content>\n\t\t\t\t<\/sr7-module>\n\t\t\t\t<script>\n\t\t\t\t\tSR7.PMH ??={}; SR7.PMH[\"SR7_14_2\"] = {cn:100,state:false,fn: function() { if (_tpt!==undefined && _tpt.prepareModuleHeight !== undefined) {  _tpt.prepareModuleHeight({id:\"SR7_14_2\",el:[80,80,80,80,100],fixed:true,type:'standard',shdw:'0',gh:[80,80,80,80,110],gw:[1240,1240,1240,1240,720],vpt:['-100px&#039;,&#039;-100px&#039;,&#039;-100px&#039;,&#039;-100px&#039;,&#039;-100px'],size:{fullWidth:true, fullHeight:false},mh:'0',onh:0,onw:0,bg:{color:'{\"orig\":\"transparent\",\"type\":\"solid\",\"string\":\"transparent\"}'}});   SR7.PMH[\"SR7_14_2\"].state=true;} else if(SR7.PMH[\"SR7_14_2\"].cn-->0)\tsetTimeout( SR7.PMH[\"SR7_14_2\"].fn,19);}};SR7.PMH[\"SR7_14_2\" ].fn();\n\t\t\t\t<\/script>\n[\/vc_column][\/vc_row][vc_row unlock_row_content=\u00bbyes\u00bb row_height_percent=\u00bb0&#8243; override_padding=\u00bbyes\u00bb h_padding=\u00bb0&#8243; top_padding=\u00bb2&#8243; bottom_padding=\u00bb0&#8243; overlay_alpha=\u00bb50&#8243; gutter_size=\u00bb3&#8243; column_width_percent=\u00bb100&#8243; shift_y=\u00bb0&#8243; z_index=\u00bb0&#8243; content_parallax=\u00bb0&#8243; uncode_shortcode_id=\u00bb791610&#8243; el_class=\u00bbDivMain Blur\u00bb][vc_column column_width_percent=\u00bb100&#8243; gutter_size=\u00bb0&#8243; override_padding=\u00bbyes\u00bb column_padding=\u00bb0&#8243; overlay_alpha=\u00bb50&#8243; shift_x=\u00bb0&#8243; shift_y=\u00bb0&#8243; shift_y_down=\u00bb0&#8243; z_index=\u00bb0&#8243; medium_width=\u00bb0&#8243; mobile_width=\u00bb0&#8243; width=\u00bb1\/1&#8243; uncode_shortcode_id=\u00bb189184&#8243; el_class=\u00bbhero-stack\u00bb css=\u00bb.vc_custom_1757950756738{border-top-width: 0px !important;border-bottom-width: 0px !important;padding-top: 0px !important;padding-bottom: 0px !important;}\u00bb][vc_column_text uncode_shortcode_id=\u00bb179591&#8243;]<\/p>\n<h5 class=\"subtituloLab\"><a id=\"informacion\"><\/a><\/h5>\n<p>[\/vc_column_text][vc_column_text uncode_shortcode_id=\u00bb149954&#8243; el_class=\u00bbMPFadeTexto1&#8243;]<\/p>\n<h6 class=\"serifTitulo\">Informaci\u00f3n<\/h6>\n<h3 class=\"Main\">Una embajada es una exposici\u00f3n offline, un encuentro, una muestra o cualquier otro formato de evento art\u00edstico que presente las obras de al menos 10 artistas, con la duraci\u00f3n que sea posible, en cualquier lugar del mundo.<\/h3>\n<p>[\/vc_column_text][\/vc_column][vc_column column_width_percent=\u00bb100&#8243; gutter_size=\u00bb0&#8243; override_padding=\u00bbyes\u00bb column_padding=\u00bb0&#8243; overlay_alpha=\u00bb50&#8243; shift_x=\u00bb0&#8243; shift_y=\u00bb0&#8243; shift_y_down=\u00bb0&#8243; z_index=\u00bb0&#8243; medium_width=\u00bb0&#8243; mobile_width=\u00bb0&#8243; width=\u00bb1\/2&#8243; uncode_shortcode_id=\u00bb153449&#8243; css=\u00bb.vc_custom_1758093124786{border-top-width: 0px !important;border-bottom-width: 0px !important;padding-top: 0px !important;padding-bottom: 0px !important;}\u00bb el_class=\u00bbMarginCol2 MPFadeBloque\u00bb][vc_column_text uncode_shortcode_id=\u00bb822125&#8243;]<\/p>\n<p class=\"MainSerif grey\">Una exposici\u00f3n offline (lo que llamamos una Embajada) es un espacio f\u00edsico donde lo digital se encuentra con lo real. Puede ser una galer\u00eda, un museo, un caf\u00e9, un aula, un callej\u00f3n de Hong Kong o cualquier lugar que acoja y conecte a las personas con las obras y las ideas de la bienal. Una Embajada existe en carne y hueso: puedes entrar en ella, tocar sus paredes, encontrarte con otros y experimentar las obras juntos en tiempo real.<\/p>\n<p>[\/vc_column_text][\/vc_column][vc_column column_width_percent=\u00bb100&#8243; gutter_size=\u00bb0&#8243; override_padding=\u00bbyes\u00bb column_padding=\u00bb0&#8243; overlay_alpha=\u00bb50&#8243; shift_x=\u00bb0&#8243; shift_y=\u00bb0&#8243; shift_y_down=\u00bb0&#8243; z_index=\u00bb0&#8243; medium_width=\u00bb0&#8243; mobile_width=\u00bb0&#8243; width=\u00bb1\/2&#8243; uncode_shortcode_id=\u00bb880477&#8243; css=\u00bb.vc_custom_1758093132843{border-top-width: 0px !important;border-bottom-width: 0px !important;padding-top: 0px !important;padding-bottom: 0px !important;}\u00bb el_class=\u00bbMPFadeBloque\u00bb][vc_column_text uncode_shortcode_id=\u00bb186893&#8243;]<\/p>\n<p class=\"MainSerif grey\">Desde cisma.art se impulsa una Embajada f\u00edsica como parte de The Wrong Biennale #7, que se desarrollar\u00e1 del 1 de noviembre de 2025 al 31 de marzo de 2026. Esta iniciativa transforma las obras digitales del pabell\u00f3n online titulado THIS IS SURELY AI, coordinado por Pen\u00ednsula Kimera, en experiencias presenciales, configurando una red de espacios expositivos en Valencia y alrededores y una programaci\u00f3n escalonada de eventos.<\/p>\n<p>[\/vc_column_text][\/vc_column][\/vc_row][vc_row unlock_row_content=\u00bbyes\u00bb row_height_percent=\u00bb0&#8243; override_padding=\u00bbyes\u00bb h_padding=\u00bb0&#8243; top_padding=\u00bb2&#8243; bottom_padding=\u00bb0&#8243; overlay_alpha=\u00bb50&#8243; gutter_size=\u00bb3&#8243; column_width_percent=\u00bb100&#8243; shift_y=\u00bb0&#8243; z_index=\u00bb0&#8243; content_parallax=\u00bb0&#8243; uncode_shortcode_id=\u00bb275040&#8243; el_class=\u00bbDivMain MPFadeBloque Blur\u00bb][vc_column column_width_percent=\u00bb100&#8243; gutter_size=\u00bb0&#8243; override_padding=\u00bbyes\u00bb column_padding=\u00bb0&#8243; overlay_alpha=\u00bb50&#8243; shift_x=\u00bb0&#8243; shift_y=\u00bb0&#8243; shift_y_down=\u00bb0&#8243; z_index=\u00bb0&#8243; medium_width=\u00bb0&#8243; mobile_width=\u00bb0&#8243; width=\u00bb1\/2&#8243; uncode_shortcode_id=\u00bb193343&#8243; css=\u00bb.vc_custom_1758016230685{border-top-width: 0px !important;border-bottom-width: 0px !important;padding-top: 0px !important;padding-bottom: 0px !important;}\u00bb el_class=\u00bbMarginCol2&#8243;][vc_column_text uncode_shortcode_id=\u00bb741491&#8243; css=\u00bb.vc_custom_1757952593087{margin-bottom: 0px !important;padding-top: 30px !important;}\u00bb]<\/p>\n<hr class=\"linea-contenedor\" \/>\n<p>[\/vc_column_text][vc_column_text uncode_shortcode_id=\u00bb990940&#8243;]<\/p>\n<h6 class=\"serifTitulo NoMargin\">Lugares<\/h6>\n<h2 class=\"titulo2color\"><span style=\"color: #fb5957;\">cisma<\/span><\/h2>\n<h3 class=\"Main MPFadeTexto1\">Community for Innovation Synapses &amp; Mediation in Arts<\/h3>\n<h6 class=\"serif MPFadeTexto1\">Calle de la Trinidad 10<br \/>\nValencia<\/h6>\n<p>[\/vc_column_text][vc_column_text uncode_shortcode_id=\u00bb376775&#8243;]<\/p>\n<h2 class=\"titulo2color\"><span style=\"color: #fb5957;\">E_CA<\/span><\/h2>\n<h3 class=\"Main MPFadeTexto1\">Espai d\u2019Art Contemporani del Castell de Riba-roja de T\u00faria<\/h3>\n<h6 class=\"serif MPFadeTexto1\">Carrer Cisterna, 28<br \/>\n46190 Riba-Roja de T\u00faria<br \/>\nVal\u00e8ncia<\/h6>\n<p>[\/vc_column_text][vc_column_text uncode_shortcode_id=\u00bb183868&#8243;]<\/p>\n<h2 class=\"titulo2color\"><span style=\"color: #fb5957;\">La Lenta<\/span><\/h2>\n<h3 class=\"Main MPFadeTexto1\">Invernadero cultural<\/h3>\n<h6 class=\"serif MPFadeTexto1\">Plaza Vicente Iborra, 9<br \/>\n46003 Valencia<\/h6>\n<p>[\/vc_column_text][\/vc_column][vc_column column_width_percent=\u00bb100&#8243; gutter_size=\u00bb0&#8243; override_padding=\u00bbyes\u00bb column_padding=\u00bb0&#8243; overlay_alpha=\u00bb50&#8243; shift_x=\u00bb0&#8243; shift_y=\u00bb0&#8243; shift_y_down=\u00bb0&#8243; z_index=\u00bb0&#8243; medium_width=\u00bb0&#8243; mobile_width=\u00bb0&#8243; width=\u00bb1\/2&#8243; uncode_shortcode_id=\u00bb661352&#8243; css=\u00bb.vc_custom_1757950707043{border-top-width: 0px !important;border-bottom-width: 0px !important;padding-top: 0px !important;padding-bottom: 0px !important;}\u00bb][vc_column_text uncode_shortcode_id=\u00bb741491&#8243; css=\u00bb.vc_custom_1757952593087{margin-bottom: 0px !important;padding-top: 30px !important;}\u00bb]<\/p>\n<hr class=\"linea-contenedor\" \/>\n<p>[\/vc_column_text][vc_column_text uncode_shortcode_id=\u00bb110675&#8243;]<\/p>\n<h6 class=\"serifTitulo NoMargin\">Fecha<\/h6>\n<h2 class=\"titulo2color\"><span style=\"color: #fb5957;\">Del 1 Nov. 2025<\/span><\/h2>\n<h3 class=\"Main MPFadeTexto1\">Al 31 Mar. 2026<\/h3>\n<p>[\/vc_column_text][\/vc_column][\/vc_row][vc_row unlock_row_content=\u00bbyes\u00bb row_height_percent=\u00bb0&#8243; override_padding=\u00bbyes\u00bb h_padding=\u00bb0&#8243; top_padding=\u00bb0&#8243; bottom_padding=\u00bb0&#8243; overlay_alpha=\u00bb50&#8243; gutter_size=\u00bb3&#8243; column_width_percent=\u00bb100&#8243; shift_y=\u00bb0&#8243; z_index=\u00bb0&#8243; content_parallax=\u00bb0&#8243; uncode_shortcode_id=\u00bb529560&#8243; el_class=\u00bbDivMain Linea1 Blur\u00bb css=\u00bb.vc_custom_1758531658674{margin-top: 0px !important;margin-bottom: 0px !important;padding-top: 0px !important;padding-bottom: 0px !important;}\u00bb][vc_column column_width_percent=\u00bb100&#8243; gutter_size=\u00bb0&#8243; override_padding=\u00bbyes\u00bb column_padding=\u00bb0&#8243; overlay_alpha=\u00bb50&#8243; shift_x=\u00bb0&#8243; shift_y=\u00bb0&#8243; shift_y_down=\u00bb0&#8243; z_index=\u00bb0&#8243; medium_width=\u00bb0&#8243; mobile_width=\u00bb0&#8243; width=\u00bb1\/1&#8243; uncode_shortcode_id=\u00bb189184&#8243; el_class=\u00bbhero-stack\u00bb css=\u00bb.vc_custom_1757950756738{border-top-width: 0px !important;border-bottom-width: 0px !important;padding-top: 0px !important;padding-bottom: 0px !important;}\u00bb][vc_column_text uncode_shortcode_id=\u00bb741491&#8243; css=\u00bb.vc_custom_1757952593087{margin-bottom: 0px !important;padding-top: 30px !important;}\u00bb]<\/p>\n<hr class=\"linea-contenedor\" \/>\n<p>[\/vc_column_text][\/vc_column][\/vc_row][vc_row unlock_row_content=\u00bbyes\u00bb row_height_percent=\u00bb0&#8243; override_padding=\u00bbyes\u00bb h_padding=\u00bb0&#8243; top_padding=\u00bb0&#8243; bottom_padding=\u00bb0&#8243; overlay_alpha=\u00bb50&#8243; gutter_size=\u00bb3&#8243; column_width_percent=\u00bb100&#8243; shift_y=\u00bb0&#8243; z_index=\u00bb0&#8243; content_parallax=\u00bb0&#8243; uncode_shortcode_id=\u00bb988437&#8243; el_class=\u00bbDivMain Blur\u00bb][vc_column column_width_percent=\u00bb100&#8243; gutter_size=\u00bb0&#8243; override_padding=\u00bbyes\u00bb column_padding=\u00bb0&#8243; overlay_alpha=\u00bb50&#8243; shift_x=\u00bb0&#8243; shift_y=\u00bb0&#8243; shift_y_down=\u00bb0&#8243; z_index=\u00bb0&#8243; medium_width=\u00bb0&#8243; mobile_width=\u00bb0&#8243; width=\u00bb1\/1&#8243; uncode_shortcode_id=\u00bb189184&#8243; el_class=\u00bbhero-stack\u00bb css=\u00bb.vc_custom_1757950756738{border-top-width: 0px !important;border-bottom-width: 0px !important;padding-top: 0px !important;padding-bottom: 0px !important;}\u00bb][vc_column_text uncode_shortcode_id=\u00bb139610&#8243;]<\/p>\n<h5 class=\"subtituloLab\"><a id=\"participantes\"><\/a><\/h5>\n<p>[\/vc_column_text][vc_column_text uncode_shortcode_id=\u00bb879422&#8243;]<\/p>\n<h6 class=\"serifTitulo grey\">02<\/h6>\n<h2 class=\"tituloApartado MPFadeTextDeg\"><span style=\"color: #fb5957;\">Participantes<\/span><\/h2>\n<p>[\/vc_column_text][uncode_index el_id=\u00bbindex-1288954&#8243; isotope_mode=\u00bbfitRows\u00bb loop=\u00bbsize:10|order_by:date|post_type:page|tax_query:19|taxonomy_count:10&#8243; screen_lg=\u00bb1000&#8243; screen_md=\u00bb600&#8243; screen_sm=\u00bb480&#8243; gutter_size=\u00bb3&#8243; page_items=\u00bbmedia|featured|onpost|original,detail-294078|-,detail-109954|-,detail-834497|-,detail-776103|-,detail-498287|-,spacer|one\u00bb portfolio_items=\u00bbmedia|featured|onpost|original,text|excerpt\u00bb single_width=\u00bb3&#8243; images_size=\u00bbone-one\u00bb single_style=\u00bbdark\u00bb single_overlay_color=\u00bbcolor-jevc\u00bb single_overlay_opacity=\u00bb50&#8243; single_padding=\u00bb2&#8243; single_title_dimension=\u00bbcustom\u00bb single_title_weight=\u00bb700&#8243; single_border=\u00bbyes\u00bb no_double_tap=\u00bbyes\u00bb uncode_shortcode_id=\u00bb832484&#8243; heading_custom_size=\u00bb45&#8243;][\/vc_column][\/vc_row][vc_row unlock_row_content=\u00bbyes\u00bb row_height_percent=\u00bb0&#8243; override_padding=\u00bbyes\u00bb h_padding=\u00bb0&#8243; top_padding=\u00bb0&#8243; bottom_padding=\u00bb0&#8243; overlay_alpha=\u00bb50&#8243; gutter_size=\u00bb3&#8243; column_width_percent=\u00bb100&#8243; shift_y=\u00bb0&#8243; z_index=\u00bb0&#8243; content_parallax=\u00bb0&#8243; uncode_shortcode_id=\u00bb259426&#8243; el_class=\u00bbDivMain Linea1 Blur\u00bb css=\u00bb.vc_custom_1758531707607{margin-top: 0px !important;margin-bottom: 0px !important;padding-top: 0px !important;padding-bottom: 0px !important;}\u00bb][vc_column column_width_percent=\u00bb100&#8243; gutter_size=\u00bb0&#8243; override_padding=\u00bbyes\u00bb column_padding=\u00bb0&#8243; overlay_alpha=\u00bb50&#8243; shift_x=\u00bb0&#8243; shift_y=\u00bb0&#8243; shift_y_down=\u00bb0&#8243; z_index=\u00bb0&#8243; medium_width=\u00bb0&#8243; mobile_width=\u00bb0&#8243; width=\u00bb1\/1&#8243; uncode_shortcode_id=\u00bb189184&#8243; el_class=\u00bbhero-stack\u00bb css=\u00bb.vc_custom_1757950756738{border-top-width: 0px !important;border-bottom-width: 0px !important;padding-top: 0px !important;padding-bottom: 0px !important;}\u00bb][vc_column_text uncode_shortcode_id=\u00bb741491&#8243; css=\u00bb.vc_custom_1757952593087{margin-bottom: 0px !important;padding-top: 30px !important;}\u00bb]<\/p>\n<hr class=\"linea-contenedor\" \/>\n<p>[\/vc_column_text][\/vc_column][\/vc_row]<\/p>\n<\/div>","protected":false},"excerpt":{"rendered":"<p>[vc_row][vc_column width=\u00bb1\/1&#8243;][uncode_block id=\u00bb600&#8243;][\/vc_column][\/vc_row][vc_row unlock_row_content=\u00bbyes\u00bb row_height_percent=\u00bb0&#8243; override_padding=\u00bbyes\u00bb h_padding=\u00bb0&#8243; top_padding=\u00bb0&#8243; bottom_padding=\u00bb0&#8243; overlay_alpha=\u00bb50&#8243; gutter_size=\u00bb3&#8243; column_width_percent=\u00bb100&#8243; shift_y=\u00bb0&#8243; z_index=\u00bb3&#8243; content_parallax=\u00bb0&#8243; uncode_shortcode_id=\u00bb184926&#8243; el_class=\u00bbhero-wrap DivHeader Blur\u00bb][vc_column column_width_percent=\u00bb100&#8243; [&hellip;]<\/p>\n","protected":false},"author":1,"featured_media":2010,"parent":361,"menu_order":0,"comment_status":"closed","ping_status":"closed","template":"","meta":{"footnotes":""},"class_list":["post-2007","page","type-page","status-publish","has-post-thumbnail","hentry","page_category-lab","page_category-on-focus"],"_links":{"self":[{"href":"https:\/\/test-agraph.space\/cisma\/wp-json\/wp\/v2\/pages\/2007","targetHints":{"allow":["GET"]}}],"collection":[{"href":"https:\/\/test-agraph.space\/cisma\/wp-json\/wp\/v2\/pages"}],"about":[{"href":"https:\/\/test-agraph.space\/cisma\/wp-json\/wp\/v2\/types\/page"}],"author":[{"embeddable":true,"href":"https:\/\/test-agraph.space\/cisma\/wp-json\/wp\/v2\/users\/1"}],"replies":[{"embeddable":true,"href":"https:\/\/test-agraph.space\/cisma\/wp-json\/wp\/v2\/comments?post=2007"}],"version-history":[{"count":26,"href":"https:\/\/test-agraph.space\/cisma\/wp-json\/wp\/v2\/pages\/2007\/revisions"}],"predecessor-version":[{"id":2141,"href":"https:\/\/test-agraph.space\/cisma\/wp-json\/wp\/v2\/pages\/2007\/revisions\/2141"}],"up":[{"embeddable":true,"href":"https:\/\/test-agraph.space\/cisma\/wp-json\/wp\/v2\/pages\/361"}],"wp:featuredmedia":[{"embeddable":true,"href":"https:\/\/test-agraph.space\/cisma\/wp-json\/wp\/v2\/media\/2010"}],"wp:attachment":[{"href":"https:\/\/test-agraph.space\/cisma\/wp-json\/wp\/v2\/media?parent=2007"}],"curies":[{"name":"wp","href":"https:\/\/api.w.org\/{rel}","templated":true}]}}