{"id":1431,"date":"2025-02-19T11:45:54","date_gmt":"2025-02-19T10:45:54","guid":{"rendered":"https:\/\/test-agraph.space\/cisma\/?page_id=1431"},"modified":"2026-01-14T10:15:23","modified_gmt":"2026-01-14T09:15:23","slug":"la-historia-de-mary-maclane","status":"publish","type":"page","link":"https:\/\/test-agraph.space\/cisma\/events\/la-historia-de-mary-maclane\/","title":{"rendered":"La Historia de Mary Maclane"},"content":{"rendered":"<div class=\"wpb-content-wrapper\"><p>[vc_row][vc_column width=\u00bb1\/1&#8243;][uncode_block id=\u00bb600&#8243;][\/vc_column][\/vc_row][vc_row unlock_row_content=\u00bbyes\u00bb row_height_percent=\u00bb0&#8243; override_padding=\u00bbyes\u00bb h_padding=\u00bb0&#8243; top_padding=\u00bb0&#8243; bottom_padding=\u00bb0&#8243; overlay_alpha=\u00bb50&#8243; gutter_size=\u00bb3&#8243; column_width_percent=\u00bb100&#8243; shift_y=\u00bb0&#8243; z_index=\u00bb3&#8243; content_parallax=\u00bb0&#8243; uncode_shortcode_id=\u00bb555908&#8243; el_class=\u00bbhero-wrap DivHeader Blur\u00bb][vc_column column_width_percent=\u00bb100&#8243; gutter_size=\u00bb3&#8243; override_padding=\u00bbyes\u00bb column_padding=\u00bb0&#8243; overlay_alpha=\u00bb50&#8243; shift_x=\u00bb0&#8243; shift_y=\u00bb0&#8243; shift_y_down=\u00bb0&#8243; z_index=\u00bb0&#8243; medium_width=\u00bb0&#8243; mobile_width=\u00bb0&#8243; width=\u00bb1\/1&#8243; uncode_shortcode_id=\u00bb316626&#8243; el_class=\u00bbhero-stack\u00bb]\n\t\t\t\t<p class=\"rs-p-wp-fix\"><\/p>\n\t\t\t\t<sr7-module data-alias=\"evento-poseia-atres\" data-id=\"69\" id=\"SR7_69_1\" class=\"rs-ov-hidden\" data-version=\"6.7.37\">\n\t\t\t\t\t<sr7-adjuster><\/sr7-adjuster>\n\t\t\t\t\t<sr7-content>\n\t\t\t\t\t\t<sr7-slide id=\"SR7_69_1-147\" data-key=\"147\">\n\t\t\t\t\t\t\t<sr7-bg id=\"SR7_69_1-147-1\" class=\"sr7-layer\"><noscript><img decoding=\"async\" src=\"https:\/\/test-agraph.space\/cisma\/wp-content\/uploads\/2026\/01\/BACK-01.jpg\" alt=\"\" title=\"BACK-01\"><\/noscript><\/sr7-bg>\n\t\t\t\t\t\t<\/sr7-slide>\n\t\t\t\t\t\t<sr7-slide id=\"SR7_69_1-148\" data-key=\"148\">\n\t\t\t\t\t\t<\/sr7-slide>\n\t\t\t\t\t<\/sr7-content>\n\t\t\t\t\t<image_lists style=\"display:none\">\n\t\t\t\t\t\t<img data-src=\"\/\/test-agraph.space\/cisma\/wp-content\/uploads\/2026\/01\/BACK-01.jpg\" data-libid=\"1433\" data-lib=\"medialibrary\" title=\"BACK-01\" width=\"0\" height=\"0\" data-dbsrc=\"Ly90ZXN0LWFncmFwaC5zcGFjZS9jaXNtYS93cC1jb250ZW50L3VwbG9hZHMvMjAyNi8wMS9CQUNLLTAxLmpwZw==\"\/>\n\t\t\t\t\t<\/image_lists>\n\t\t\t\t<\/sr7-module>\n\t\t\t\t<script>\n\t\t\t\t\tSR7.PMH ??={}; SR7.PMH[\"SR7_69_1\"] = {cn:100,state:false,fn: function() { if (_tpt!==undefined && _tpt.prepareModuleHeight !== undefined) {  _tpt.prepareModuleHeight({id:\"SR7_69_1\",el:[900,900,900,900,720],type:'standard',shdw:'0',gh:[900,900,900,900,720],gw:[1240,1240,1240,1240,480],vpt:['-100px&#039;,&#039;-100px&#039;,&#039;-100px&#039;,&#039;-100px&#039;,&#039;-100px'],size:{fullWidth:true, fullHeight:true},fho:'',mh:'0',onh:0,onw:0,bg:{color:'{\"orig\":\"transparent\",\"type\":\"solid\",\"string\":\"transparent\"}'}});   SR7.PMH[\"SR7_69_1\"].state=true;} else if(SR7.PMH[\"SR7_69_1\"].cn-->0)\tsetTimeout( SR7.PMH[\"SR7_69_1\"].fn,19);}};SR7.PMH[\"SR7_69_1\" ].fn();\n\t\t\t\t<\/script>\n[vc_column_text uncode_shortcode_id=\u00bb178009&#8243; el_class=\u00bbhero-top\u00bb]<\/p>\n<h5 class=\"subtituloLab MPFadePalabras\">cisma.art \/ <a href=\"https:\/\/test-agraph.space\/cisma\/events\/\">events<\/a><\/h5>\n<h1 class=\"tituloStack MPFadePalabras\"><span class=\"\">LA HIST\u00d2RIA DE<br \/>\nMARY MACLANE<\/span><\/h1>\n<h2 class=\"subtituloLab MPFadePalabras\"><span style=\"color: #fb5957;\">ESCRITA PER<\/span><br \/>\n<span style=\"color: #fb5957;\">ELLA<\/span><br \/>\n<span style=\"color: #fb5957;\">MATEIXA<\/span><\/h2>\n<h6 class=\"serifTitulo\">19.02.2025<\/h6>\n<h2 class=\"subtituloLab MPFadeSubtitulo\"><span style=\"color: #94c8c6;\">Vincle editorial<\/span><\/h2>\n<p>[\/vc_column_text][vc_column_text uncode_shortcode_id=\u00bb213747&#8243; el_class=\u00bbhero-bottom MPFadeMenu1&#8243;]<\/p>\n<h3 class=\"Menu NoMarginDown\"><a class=\"_ps2id MPLinkAmarillo\" href=\"#informacion\" data-ps2id-offset=\"\">Presentaci\u00f3n<\/a><\/h3>\n<p><a class=\"_ps2id MPLinkAmarillo\" href=\"#informacion\" data-ps2id-offset=\"\"><img decoding=\"async\" class=\"alignnone wp-image-75\" src=\"https:\/\/test-agraph.space\/cisma\/wp-content\/uploads\/2025\/09\/ArrowWhite.svg\" alt=\"\" width=\"30\" height=\"30\" \/><\/a>[\/vc_column_text][\/vc_column][\/vc_row][vc_row unlock_row_content=\u00bbyes\u00bb row_height_percent=\u00bb0&#8243; override_padding=\u00bbyes\u00bb h_padding=\u00bb0&#8243; top_padding=\u00bb0&#8243; bottom_padding=\u00bb0&#8243; overlay_alpha=\u00bb50&#8243; gutter_size=\u00bb3&#8243; column_width_percent=\u00bb100&#8243; shift_y=\u00bb0&#8243; z_index=\u00bb2&#8243; desktop_visibility=\u00bbyes\u00bb medium_visibility=\u00bbyes\u00bb content_parallax=\u00bb0&#8243; uncode_shortcode_id=\u00bb934502&#8243;][vc_column column_width_percent=\u00bb100&#8243; gutter_size=\u00bb3&#8243; overlay_alpha=\u00bb50&#8243; shift_x=\u00bb0&#8243; shift_y=\u00bb0&#8243; shift_y_down=\u00bb0&#8243; z_index=\u00bb0&#8243; medium_width=\u00bb0&#8243; mobile_width=\u00bb0&#8243; width=\u00bb1\/1&#8243; uncode_shortcode_id=\u00bb109131&#8243;]\n\t\t\t\t<p class=\"rs-p-wp-fix\"><\/p>\n\t\t\t\t<sr7-module data-alias=\"Back-Black\" data-id=\"14\" id=\"SR7_14_2\" class=\"Blur rs-ov-hidden\" data-version=\"6.7.37\">\n\t\t\t\t\t<sr7-adjuster><\/sr7-adjuster>\n\t\t\t\t\t<sr7-content>\n\t\t\t\t\t\t<sr7-slide id=\"SR7_14_2-27\" data-key=\"27\">\n\t\t\t\t\t\t<\/sr7-slide>\n\t\t\t\t\t\t<sr7-slide id=\"SR7_14_2-28\" data-key=\"28\">\n\t\t\t\t\t\t<\/sr7-slide>\n\t\t\t\t\t<\/sr7-content>\n\t\t\t\t<\/sr7-module>\n\t\t\t\t<script>\n\t\t\t\t\tSR7.PMH ??={}; SR7.PMH[\"SR7_14_2\"] = {cn:100,state:false,fn: function() { if (_tpt!==undefined && _tpt.prepareModuleHeight !== undefined) {  _tpt.prepareModuleHeight({id:\"SR7_14_2\",el:[80,80,80,80,100],fixed:true,type:'standard',shdw:'0',gh:[80,80,80,80,110],gw:[1240,1240,1240,1240,720],vpt:['-100px&#039;,&#039;-100px&#039;,&#039;-100px&#039;,&#039;-100px&#039;,&#039;-100px'],size:{fullWidth:true, fullHeight:false},mh:'0',onh:0,onw:0,bg:{color:'{\"orig\":\"transparent\",\"type\":\"solid\",\"string\":\"transparent\"}'}});   SR7.PMH[\"SR7_14_2\"].state=true;} else if(SR7.PMH[\"SR7_14_2\"].cn-->0)\tsetTimeout( SR7.PMH[\"SR7_14_2\"].fn,19);}};SR7.PMH[\"SR7_14_2\" ].fn();\n\t\t\t\t<\/script>\n[\/vc_column][\/vc_row][vc_row unlock_row_content=\u00bbyes\u00bb row_height_percent=\u00bb0&#8243; override_padding=\u00bbyes\u00bb h_padding=\u00bb0&#8243; top_padding=\u00bb3&#8243; bottom_padding=\u00bb0&#8243; overlay_alpha=\u00bb50&#8243; gutter_size=\u00bb3&#8243; column_width_percent=\u00bb100&#8243; shift_y=\u00bb0&#8243; z_index=\u00bb0&#8243; content_parallax=\u00bb0&#8243; uncode_shortcode_id=\u00bb752807&#8243; el_class=\u00bbDivMain Blur\u00bb][vc_column column_width_percent=\u00bb100&#8243; gutter_size=\u00bb0&#8243; override_padding=\u00bbyes\u00bb column_padding=\u00bb0&#8243; overlay_alpha=\u00bb50&#8243; shift_x=\u00bb0&#8243; shift_y=\u00bb0&#8243; shift_y_down=\u00bb0&#8243; z_index=\u00bb0&#8243; medium_width=\u00bb0&#8243; mobile_width=\u00bb0&#8243; width=\u00bb1\/1&#8243; uncode_shortcode_id=\u00bb189184&#8243; el_class=\u00bbhero-stack\u00bb css=\u00bb.vc_custom_1757950756738{border-top-width: 0px !important;border-bottom-width: 0px !important;padding-top: 0px !important;padding-bottom: 0px !important;}\u00bb][vc_column_text uncode_shortcode_id=\u00bb179591&#8243;]<\/p>\n<h5 class=\"subtituloLab\"><a id=\"informacion\"><\/a><\/h5>\n<p>[\/vc_column_text][vc_column_text uncode_shortcode_id=\u00bb119882&#8243; el_class=\u00bbMPFadeTexto1&#8243;]<\/p>\n<h6 class=\"serifTitulo\">Informaci\u00f3n<\/h6>\n<h3 class=\"Main\">Aquesta vesprada, a les 19:00 h, es presenta a cisma la traducci\u00f3 de La hist\u00f2ria de Mary MacLane, escrita per ella mateixa, publicada per Vincle Editorial.<\/h3>\n<p>[\/vc_column_text][\/vc_column][vc_column column_width_percent=\u00bb100&#8243; gutter_size=\u00bb0&#8243; override_padding=\u00bbyes\u00bb column_padding=\u00bb0&#8243; overlay_alpha=\u00bb50&#8243; shift_x=\u00bb0&#8243; shift_y=\u00bb0&#8243; shift_y_down=\u00bb0&#8243; z_index=\u00bb0&#8243; medium_width=\u00bb0&#8243; mobile_width=\u00bb0&#8243; width=\u00bb1\/2&#8243; uncode_shortcode_id=\u00bb153449&#8243; css=\u00bb.vc_custom_1758093124786{border-top-width: 0px !important;border-bottom-width: 0px !important;padding-top: 0px !important;padding-bottom: 0px !important;}\u00bb el_class=\u00bbMarginCol2 MPFadeBloque\u00bb][vc_column_text uncode_shortcode_id=\u00bb157929&#8243;]<\/p>\n<p class=\"MainSerif grey\">Aquesta obra de la pionera del feminisme i la literatura queer, escrita per MacLane, ha estat tradu\u00efda per Carme Manuel.<\/p>\n<p>[\/vc_column_text][\/vc_column][vc_column column_width_percent=\u00bb100&#8243; gutter_size=\u00bb0&#8243; override_padding=\u00bbyes\u00bb column_padding=\u00bb0&#8243; overlay_alpha=\u00bb50&#8243; shift_x=\u00bb0&#8243; shift_y=\u00bb0&#8243; shift_y_down=\u00bb0&#8243; z_index=\u00bb0&#8243; medium_width=\u00bb0&#8243; mobile_width=\u00bb0&#8243; width=\u00bb1\/2&#8243; uncode_shortcode_id=\u00bb880477&#8243; css=\u00bb.vc_custom_1758093132843{border-top-width: 0px !important;border-bottom-width: 0px !important;padding-top: 0px !important;padding-bottom: 0px !important;}\u00bb el_class=\u00bbMPFadeBloque\u00bb][vc_column_text uncode_shortcode_id=\u00bb153380&#8243;]<\/p>\n<p class=\"MainSerif grey\">La presentaci\u00f3 comptar\u00e0 amb la participaci\u00f3 de la traductora, la professora Patricia Picazo, la escriptora Raquel Ricart i l\u2019editor Manolo Gil.<\/p>\n<p>[\/vc_column_text][\/vc_column][\/vc_row][vc_row unlock_row_content=\u00bbyes\u00bb row_height_percent=\u00bb0&#8243; override_padding=\u00bbyes\u00bb h_padding=\u00bb0&#8243; top_padding=\u00bb2&#8243; bottom_padding=\u00bb0&#8243; overlay_alpha=\u00bb50&#8243; gutter_size=\u00bb3&#8243; column_width_percent=\u00bb100&#8243; shift_y=\u00bb0&#8243; z_index=\u00bb0&#8243; content_parallax=\u00bb0&#8243; uncode_shortcode_id=\u00bb152143&#8243; el_class=\u00bbDivMain MPFadeBloque Blur\u00bb][vc_column column_width_percent=\u00bb100&#8243; gutter_size=\u00bb0&#8243; override_padding=\u00bbyes\u00bb column_padding=\u00bb0&#8243; overlay_alpha=\u00bb50&#8243; shift_x=\u00bb0&#8243; shift_y=\u00bb0&#8243; shift_y_down=\u00bb0&#8243; z_index=\u00bb0&#8243; medium_width=\u00bb0&#8243; mobile_width=\u00bb0&#8243; width=\u00bb1\/2&#8243; uncode_shortcode_id=\u00bb193343&#8243; css=\u00bb.vc_custom_1758016230685{border-top-width: 0px !important;border-bottom-width: 0px !important;padding-top: 0px !important;padding-bottom: 0px !important;}\u00bb el_class=\u00bbMarginCol2&#8243;][vc_column_text uncode_shortcode_id=\u00bb741491&#8243; css=\u00bb.vc_custom_1757952593087{margin-bottom: 0px !important;padding-top: 30px !important;}\u00bb]<\/p>\n<hr class=\"linea-contenedor\" \/>\n<p>[\/vc_column_text][vc_column_text uncode_shortcode_id=\u00bb188557&#8243;]<\/p>\n<h6 class=\"serifTitulo NoMargin\">Lugar<\/h6>\n<h2 class=\"titulo2color\"><span style=\"color: #fb5957;\">cisma<\/span><\/h2>\n<h3 class=\"Main MPFadeTexto1\">Community for Innovation Synapses &amp; Mediation in Arts<\/h3>\n<h6 class=\"serif MPFadeTexto1\">Calle de la Trinidad 10<br \/>\nValencia<\/h6>\n<p>[\/vc_column_text][\/vc_column][vc_column column_width_percent=\u00bb100&#8243; gutter_size=\u00bb0&#8243; override_padding=\u00bbyes\u00bb column_padding=\u00bb0&#8243; overlay_alpha=\u00bb50&#8243; shift_x=\u00bb0&#8243; shift_y=\u00bb0&#8243; shift_y_down=\u00bb0&#8243; z_index=\u00bb0&#8243; medium_width=\u00bb0&#8243; mobile_width=\u00bb0&#8243; width=\u00bb1\/2&#8243; uncode_shortcode_id=\u00bb661352&#8243; css=\u00bb.vc_custom_1757950707043{border-top-width: 0px !important;border-bottom-width: 0px !important;padding-top: 0px !important;padding-bottom: 0px !important;}\u00bb][vc_column_text uncode_shortcode_id=\u00bb741491&#8243; css=\u00bb.vc_custom_1757952593087{margin-bottom: 0px !important;padding-top: 30px !important;}\u00bb]<\/p>\n<hr class=\"linea-contenedor\" \/>\n<p>[\/vc_column_text][vc_column_text uncode_shortcode_id=\u00bb105252&#8243;]<\/p>\n<h6 class=\"serifTitulo NoMargin\">Fecha<\/h6>\n<h2 class=\"titulo2color\"><span style=\"color: #fb5957;\">19 Feb. 2025<\/span><\/h2>\n<h3 class=\"Main MPFadeTexto1\">19.00 h<\/h3>\n<p>[\/vc_column_text][\/vc_column][\/vc_row][vc_row unlock_row_content=\u00bbyes\u00bb row_height_percent=\u00bb0&#8243; override_padding=\u00bbyes\u00bb h_padding=\u00bb0&#8243; top_padding=\u00bb2&#8243; bottom_padding=\u00bb0&#8243; overlay_alpha=\u00bb50&#8243; gutter_size=\u00bb3&#8243; column_width_percent=\u00bb100&#8243; shift_y=\u00bb0&#8243; z_index=\u00bb0&#8243; content_parallax=\u00bb0&#8243; uncode_shortcode_id=\u00bb199631&#8243; el_class=\u00bbDivMain MPFadeBloque Blur\u00bb][vc_column column_width_percent=\u00bb100&#8243; gutter_size=\u00bb0&#8243; override_padding=\u00bbyes\u00bb column_padding=\u00bb0&#8243; overlay_alpha=\u00bb50&#8243; shift_x=\u00bb0&#8243; shift_y=\u00bb0&#8243; shift_y_down=\u00bb0&#8243; z_index=\u00bb0&#8243; medium_width=\u00bb0&#8243; mobile_width=\u00bb0&#8243; width=\u00bb1\/2&#8243; uncode_shortcode_id=\u00bb193343&#8243; css=\u00bb.vc_custom_1758016230685{border-top-width: 0px !important;border-bottom-width: 0px !important;padding-top: 0px !important;padding-bottom: 0px !important;}\u00bb el_class=\u00bbMarginCol2&#8243;][vc_column_text uncode_shortcode_id=\u00bb741491&#8243; css=\u00bb.vc_custom_1757952593087{margin-bottom: 0px !important;padding-top: 30px !important;}\u00bb]<\/p>\n<hr class=\"linea-contenedor\" \/>\n<p>[\/vc_column_text][vc_column_text uncode_shortcode_id=\u00bb152825&#8243;]<\/p>\n<h6 class=\"serifTitulo NoMargin\">Participan<\/h6>\n<h2 class=\"titulo2color\"><span style=\"color: #fb5957;\">Carme Manuel<\/span><\/h2>\n<h2 class=\"titulo2color\"><span style=\"color: #fb5957;\">Raquel Ricart<\/span><\/h2>\n<h2 class=\"titulo2color\"><span style=\"color: #fb5957;\">Patricia Picazo<\/span><\/h2>\n<h2 class=\"titulo2color\"><span style=\"color: #fb5957;\">Manolo Gil<\/span><\/h2>\n<p>[\/vc_column_text][\/vc_column][vc_column column_width_percent=\u00bb100&#8243; gutter_size=\u00bb0&#8243; override_padding=\u00bbyes\u00bb column_padding=\u00bb0&#8243; overlay_alpha=\u00bb50&#8243; shift_x=\u00bb0&#8243; shift_y=\u00bb0&#8243; shift_y_down=\u00bb0&#8243; z_index=\u00bb0&#8243; medium_width=\u00bb0&#8243; mobile_width=\u00bb0&#8243; width=\u00bb1\/2&#8243; uncode_shortcode_id=\u00bb661352&#8243; css=\u00bb.vc_custom_1757950707043{border-top-width: 0px !important;border-bottom-width: 0px !important;padding-top: 0px !important;padding-bottom: 0px !important;}\u00bb][\/vc_column][\/vc_row][vc_row unlock_row_content=\u00bbyes\u00bb row_height_percent=\u00bb0&#8243; override_padding=\u00bbyes\u00bb h_padding=\u00bb0&#8243; top_padding=\u00bb0&#8243; bottom_padding=\u00bb0&#8243; overlay_alpha=\u00bb50&#8243; gutter_size=\u00bb3&#8243; column_width_percent=\u00bb100&#8243; shift_y=\u00bb0&#8243; z_index=\u00bb0&#8243; content_parallax=\u00bb0&#8243; uncode_shortcode_id=\u00bb529560&#8243; el_class=\u00bbDivMain Linea1 Blur\u00bb css=\u00bb.vc_custom_1758531658674{margin-top: 0px !important;margin-bottom: 0px !important;padding-top: 0px !important;padding-bottom: 0px !important;}\u00bb][vc_column column_width_percent=\u00bb100&#8243; gutter_size=\u00bb0&#8243; override_padding=\u00bbyes\u00bb column_padding=\u00bb0&#8243; overlay_alpha=\u00bb50&#8243; shift_x=\u00bb0&#8243; shift_y=\u00bb0&#8243; shift_y_down=\u00bb0&#8243; z_index=\u00bb0&#8243; medium_width=\u00bb0&#8243; mobile_width=\u00bb0&#8243; width=\u00bb1\/1&#8243; uncode_shortcode_id=\u00bb189184&#8243; el_class=\u00bbhero-stack\u00bb css=\u00bb.vc_custom_1757950756738{border-top-width: 0px !important;border-bottom-width: 0px !important;padding-top: 0px !important;padding-bottom: 0px !important;}\u00bb][vc_column_text uncode_shortcode_id=\u00bb741491&#8243; css=\u00bb.vc_custom_1757952593087{margin-bottom: 0px !important;padding-top: 30px !important;}\u00bb]<\/p>\n<hr class=\"linea-contenedor\" \/>\n<p>[\/vc_column_text][\/vc_column][\/vc_row][vc_row unlock_row_content=\u00bbyes\u00bb row_height_percent=\u00bb0&#8243; override_padding=\u00bbyes\u00bb h_padding=\u00bb0&#8243; top_padding=\u00bb2&#8243; bottom_padding=\u00bb3&#8243; overlay_alpha=\u00bb50&#8243; gutter_size=\u00bb3&#8243; column_width_percent=\u00bb100&#8243; shift_y=\u00bb0&#8243; z_index=\u00bb0&#8243; content_parallax=\u00bb0&#8243; uncode_shortcode_id=\u00bb193051&#8243; el_class=\u00bbDivMain MPFadeBloque Blur\u00bb][vc_column column_width_percent=\u00bb100&#8243; gutter_size=\u00bb0&#8243; override_padding=\u00bbyes\u00bb column_padding=\u00bb0&#8243; overlay_alpha=\u00bb50&#8243; shift_x=\u00bb0&#8243; shift_y=\u00bb0&#8243; shift_y_down=\u00bb0&#8243; z_index=\u00bb0&#8243; medium_width=\u00bb0&#8243; mobile_width=\u00bb0&#8243; width=\u00bb1\/2&#8243; uncode_shortcode_id=\u00bb193343&#8243; css=\u00bb.vc_custom_1758016230685{border-top-width: 0px !important;border-bottom-width: 0px !important;padding-top: 0px !important;padding-bottom: 0px !important;}\u00bb el_class=\u00bbMarginCol2&#8243;][vc_button button_color=\u00bbcolor-205949&#8243; text_skin=\u00bbyes\u00bb border_width=\u00bb0&#8243; lbox_skin=\u00bbwhite\u00bb button_color_type=\u00bbuncode-palette\u00bb uncode_shortcode_id=\u00bb123168&#8243; link=\u00bburl:https%3A%2F%2Ftest-agraph.space%2Fcisma%2Fevents%2F|title:STACK\u00bb]VOLVER A EVENTS[\/vc_button][vc_empty_space empty_h=\u00bb2&#8243;][uncode_share layout=\u00bbmultiple\u00bb][\/vc_column][vc_column column_width_percent=\u00bb100&#8243; gutter_size=\u00bb0&#8243; override_padding=\u00bbyes\u00bb column_padding=\u00bb0&#8243; overlay_alpha=\u00bb50&#8243; shift_x=\u00bb0&#8243; shift_y=\u00bb0&#8243; shift_y_down=\u00bb0&#8243; z_index=\u00bb0&#8243; medium_width=\u00bb0&#8243; mobile_width=\u00bb0&#8243; width=\u00bb1\/2&#8243; uncode_shortcode_id=\u00bb661352&#8243; css=\u00bb.vc_custom_1757950707043{border-top-width: 0px !important;border-bottom-width: 0px !important;padding-top: 0px !important;padding-bottom: 0px !important;}\u00bb][\/vc_column][\/vc_row]<\/p>\n<\/div>","protected":false},"excerpt":{"rendered":"<p>[vc_row][vc_column width=\u00bb1\/1&#8243;][uncode_block id=\u00bb600&#8243;][\/vc_column][\/vc_row][vc_row unlock_row_content=\u00bbyes\u00bb row_height_percent=\u00bb0&#8243; override_padding=\u00bbyes\u00bb h_padding=\u00bb0&#8243; top_padding=\u00bb0&#8243; bottom_padding=\u00bb0&#8243; overlay_alpha=\u00bb50&#8243; gutter_size=\u00bb3&#8243; column_width_percent=\u00bb100&#8243; shift_y=\u00bb0&#8243; z_index=\u00bb3&#8243; content_parallax=\u00bb0&#8243; uncode_shortcode_id=\u00bb555908&#8243; el_class=\u00bbhero-wrap DivHeader Blur\u00bb][vc_column column_width_percent=\u00bb100&#8243; [&hellip;]<\/p>\n","protected":false},"author":1,"featured_media":1437,"parent":476,"menu_order":0,"comment_status":"closed","ping_status":"closed","template":"","meta":{"footnotes":""},"class_list":["post-1431","page","type-page","status-publish","has-post-thumbnail","hentry","page_category-events"],"_links":{"self":[{"href":"https:\/\/test-agraph.space\/cisma\/wp-json\/wp\/v2\/pages\/1431","targetHints":{"allow":["GET"]}}],"collection":[{"href":"https:\/\/test-agraph.space\/cisma\/wp-json\/wp\/v2\/pages"}],"about":[{"href":"https:\/\/test-agraph.space\/cisma\/wp-json\/wp\/v2\/types\/page"}],"author":[{"embeddable":true,"href":"https:\/\/test-agraph.space\/cisma\/wp-json\/wp\/v2\/users\/1"}],"replies":[{"embeddable":true,"href":"https:\/\/test-agraph.space\/cisma\/wp-json\/wp\/v2\/comments?post=1431"}],"version-history":[{"count":22,"href":"https:\/\/test-agraph.space\/cisma\/wp-json\/wp\/v2\/pages\/1431\/revisions"}],"predecessor-version":[{"id":2107,"href":"https:\/\/test-agraph.space\/cisma\/wp-json\/wp\/v2\/pages\/1431\/revisions\/2107"}],"up":[{"embeddable":true,"href":"https:\/\/test-agraph.space\/cisma\/wp-json\/wp\/v2\/pages\/476"}],"wp:featuredmedia":[{"embeddable":true,"href":"https:\/\/test-agraph.space\/cisma\/wp-json\/wp\/v2\/media\/1437"}],"wp:attachment":[{"href":"https:\/\/test-agraph.space\/cisma\/wp-json\/wp\/v2\/media?parent=1431"}],"curies":[{"name":"wp","href":"https:\/\/api.w.org\/{rel}","templated":true}]}}