{"id":1426,"date":"2026-01-03T18:17:43","date_gmt":"2026-01-03T17:17:43","guid":{"rendered":"https:\/\/test-agraph.space\/cisma\/?page_id=1426"},"modified":"2026-01-13T15:58:51","modified_gmt":"2026-01-13T14:58:51","slug":"elena-perez","status":"publish","type":"page","link":"https:\/\/test-agraph.space\/cisma\/lab\/int3raccion3es\/elena-perez\/","title":{"rendered":"Elena P\u00e9rez"},"content":{"rendered":"<div class=\"wpb-content-wrapper\"><p>[vc_row][vc_column width=\u00bb1\/1&#8243;][uncode_block id=\u00bb600&#8243;][\/vc_column][\/vc_row][vc_row unlock_row_content=\u00bbyes\u00bb row_height_percent=\u00bb0&#8243; override_padding=\u00bbyes\u00bb h_padding=\u00bb0&#8243; top_padding=\u00bb0&#8243; bottom_padding=\u00bb0&#8243; overlay_alpha=\u00bb50&#8243; gutter_size=\u00bb3&#8243; column_width_percent=\u00bb100&#8243; shift_y=\u00bb0&#8243; z_index=\u00bb3&#8243; content_parallax=\u00bb0&#8243; uncode_shortcode_id=\u00bb503573&#8243; el_class=\u00bbhero-wrap DivHeader Blur\u00bb][vc_column column_width_percent=\u00bb100&#8243; gutter_size=\u00bb3&#8243; override_padding=\u00bbyes\u00bb column_padding=\u00bb0&#8243; overlay_alpha=\u00bb50&#8243; shift_x=\u00bb0&#8243; shift_y=\u00bb0&#8243; shift_y_down=\u00bb0&#8243; z_index=\u00bb0&#8243; medium_width=\u00bb0&#8243; mobile_width=\u00bb0&#8243; width=\u00bb1\/1&#8243; uncode_shortcode_id=\u00bb316626&#8243; el_class=\u00bbhero-stack\u00bb]\n\t\t\t\t<p class=\"rs-p-wp-fix\"><\/p>\n\t\t\t\t<sr7-module data-alias=\"interacciones-ElenaPerez\" data-id=\"84\" id=\"SR7_84_1\" class=\"rs-ov-hidden\" data-version=\"6.7.37\">\n\t\t\t\t\t<sr7-adjuster><\/sr7-adjuster>\n\t\t\t\t\t<sr7-content>\n\t\t\t\t\t\t<sr7-slide id=\"SR7_84_1-177\" data-key=\"177\">\n\t\t\t\t\t\t<\/sr7-slide>\n\t\t\t\t\t\t<sr7-slide id=\"SR7_84_1-178\" data-key=\"178\">\n\t\t\t\t\t\t<\/sr7-slide>\n\t\t\t\t\t<\/sr7-content>\n\t\t\t\t<\/sr7-module>\n\t\t\t\t<script>\n\t\t\t\t\tSR7.PMH ??={}; SR7.PMH[\"SR7_84_1\"] = {cn:100,state:false,fn: function() { if (_tpt!==undefined && _tpt.prepareModuleHeight !== undefined) {  _tpt.prepareModuleHeight({id:\"SR7_84_1\",el:[900,900,900,900,720],type:'standard',shdw:'0',gh:[900,900,900,900,720],gw:[1240,1240,1240,1240,480],vpt:['-100px&#039;,&#039;-100px&#039;,&#039;-100px&#039;,&#039;-100px&#039;,&#039;-100px'],size:{fullWidth:true, fullHeight:true},fho:'',mh:'0',onh:0,onw:0,bg:{color:'{\"orig\":\"transparent\",\"type\":\"solid\",\"string\":\"transparent\"}'}});   SR7.PMH[\"SR7_84_1\"].state=true;} else if(SR7.PMH[\"SR7_84_1\"].cn-->0)\tsetTimeout( SR7.PMH[\"SR7_84_1\"].fn,19);}};SR7.PMH[\"SR7_84_1\" ].fn();\n\t\t\t\t<\/script>\n[vc_column_text uncode_shortcode_id=\u00bb768179&#8243; el_class=\u00bbhero-top\u00bb]<\/p>\n<h5 class=\"subtituloLab MPFadePalabras\">cisma.art \/ <a href=\"https:\/\/test-agraph.space\/cisma\/lab\/\">lab<\/a><\/h5>\n<h1 class=\"tituloLab MPFadePalabras\">ELENA<br \/>\nP\u00c9REZ<\/h1>\n<h6 class=\"serifTitulo2\">31.01 &#8211; 06.04.2026 \/ E_CA Riba-roja<\/h6>\n<h2 class=\"subtituloLab colorG-interacciones MPFadeSubtitulo\">Remembering<br \/>\nOrion<\/h2>\n<p>[\/vc_column_text][vc_column_text uncode_shortcode_id=\u00bb194794&#8243; el_class=\u00bbhero-bottom MPFadeMenu1&#8243;]<\/p>\n<h3 class=\"Menu NoMarginDown\"><a class=\"_ps2id MPLinkAmarillo\" href=\"#lugar\" data-ps2id-offset=\"\">Scroll down<\/a><\/h3>\n<p><a class=\"_ps2id MPLinkAmarillo\" href=\"#informacion\" data-ps2id-offset=\"\"><img decoding=\"async\" class=\"alignnone wp-image-75\" src=\"https:\/\/test-agraph.space\/cisma\/wp-content\/uploads\/2025\/09\/ArrowWhite.svg\" alt=\"\" width=\"30\" height=\"30\" \/><\/a>[\/vc_column_text][vc_column_text uncode_shortcode_id=\u00bb773119&#8243; el_class=\u00bbhero-br\u00bb]<\/p>\n<h3 class=\"Artwork NoMarginDown colorG-interacciones\" style=\"text-align: right;\"><a class=\"_ps2id MPLinkAmarillo\" href=\"#informacion\" data-ps2id-offset=\"\">Artwork by<\/a><br \/>\n<a class=\"_ps2id MPLinkAmarillo\" href=\"#participantes\" data-ps2id-offset=\"\">Elena P\u00e9rez<\/a><\/h3>\n<p>[\/vc_column_text][\/vc_column][\/vc_row][vc_row unlock_row_content=\u00bbyes\u00bb row_height_percent=\u00bb0&#8243; override_padding=\u00bbyes\u00bb h_padding=\u00bb0&#8243; top_padding=\u00bb0&#8243; bottom_padding=\u00bb0&#8243; overlay_alpha=\u00bb50&#8243; gutter_size=\u00bb3&#8243; column_width_percent=\u00bb100&#8243; shift_y=\u00bb0&#8243; z_index=\u00bb2&#8243; desktop_visibility=\u00bbyes\u00bb medium_visibility=\u00bbyes\u00bb content_parallax=\u00bb0&#8243; uncode_shortcode_id=\u00bb850333&#8243;][vc_column column_width_percent=\u00bb100&#8243; gutter_size=\u00bb3&#8243; overlay_alpha=\u00bb50&#8243; shift_x=\u00bb0&#8243; shift_y=\u00bb0&#8243; shift_y_down=\u00bb0&#8243; z_index=\u00bb0&#8243; medium_width=\u00bb0&#8243; mobile_width=\u00bb0&#8243; width=\u00bb1\/1&#8243; uncode_shortcode_id=\u00bb109131&#8243;]\n\t\t\t\t<p class=\"rs-p-wp-fix\"><\/p>\n\t\t\t\t<sr7-module data-alias=\"Back-Black\" data-id=\"14\" id=\"SR7_14_2\" class=\"Blur rs-ov-hidden\" data-version=\"6.7.37\">\n\t\t\t\t\t<sr7-adjuster><\/sr7-adjuster>\n\t\t\t\t\t<sr7-content>\n\t\t\t\t\t\t<sr7-slide id=\"SR7_14_2-27\" data-key=\"27\">\n\t\t\t\t\t\t<\/sr7-slide>\n\t\t\t\t\t\t<sr7-slide id=\"SR7_14_2-28\" data-key=\"28\">\n\t\t\t\t\t\t<\/sr7-slide>\n\t\t\t\t\t<\/sr7-content>\n\t\t\t\t<\/sr7-module>\n\t\t\t\t<script>\n\t\t\t\t\tSR7.PMH ??={}; SR7.PMH[\"SR7_14_2\"] = {cn:100,state:false,fn: function() { if (_tpt!==undefined && _tpt.prepareModuleHeight !== undefined) {  _tpt.prepareModuleHeight({id:\"SR7_14_2\",el:[80,80,80,80,100],fixed:true,type:'standard',shdw:'0',gh:[80,80,80,80,110],gw:[1240,1240,1240,1240,720],vpt:['-100px&#039;,&#039;-100px&#039;,&#039;-100px&#039;,&#039;-100px&#039;,&#039;-100px'],size:{fullWidth:true, fullHeight:false},mh:'0',onh:0,onw:0,bg:{color:'{\"orig\":\"transparent\",\"type\":\"solid\",\"string\":\"transparent\"}'}});   SR7.PMH[\"SR7_14_2\"].state=true;} else if(SR7.PMH[\"SR7_14_2\"].cn-->0)\tsetTimeout( SR7.PMH[\"SR7_14_2\"].fn,19);}};SR7.PMH[\"SR7_14_2\" ].fn();\n\t\t\t\t<\/script>\n[\/vc_column][\/vc_row][vc_row unlock_row_content=\u00bbyes\u00bb row_height_percent=\u00bb0&#8243; override_padding=\u00bbyes\u00bb h_padding=\u00bb0&#8243; top_padding=\u00bb2&#8243; bottom_padding=\u00bb0&#8243; overlay_alpha=\u00bb50&#8243; gutter_size=\u00bb3&#8243; column_width_percent=\u00bb100&#8243; shift_y=\u00bb0&#8243; z_index=\u00bb0&#8243; content_parallax=\u00bb0&#8243; uncode_shortcode_id=\u00bb997444&#8243; el_class=\u00bbDivMain Blur\u00bb][vc_column column_width_percent=\u00bb100&#8243; gutter_size=\u00bb0&#8243; override_padding=\u00bbyes\u00bb column_padding=\u00bb0&#8243; overlay_alpha=\u00bb50&#8243; shift_x=\u00bb0&#8243; shift_y=\u00bb0&#8243; shift_y_down=\u00bb0&#8243; z_index=\u00bb0&#8243; medium_width=\u00bb0&#8243; mobile_width=\u00bb0&#8243; width=\u00bb1\/1&#8243; uncode_shortcode_id=\u00bb189184&#8243; el_class=\u00bbhero-stack\u00bb css=\u00bb.vc_custom_1757950756738{border-top-width: 0px !important;border-bottom-width: 0px !important;padding-top: 0px !important;padding-bottom: 0px !important;}\u00bb][vc_column_text uncode_shortcode_id=\u00bb179591&#8243;]<\/p>\n<h5 class=\"subtituloLab\"><a id=\"informacion\"><\/a><\/h5>\n<p>[\/vc_column_text][vc_column_text uncode_shortcode_id=\u00bb541216&#8243; el_class=\u00bbMPFadeTexto1&#8243;]<\/p>\n<h6 class=\"serifTitulo\">Informaci\u00f3n<\/h6>\n<h3 class=\"Main\">Remembering Orion es un archivo visual que explora la fusi\u00f3n entre inteligencia artificial, arqueolog\u00eda especulativa y mitolog\u00eda posthumana. A trav\u00e9s de im\u00e1genes generativas, se reinterpreta la memoria de civilizaciones sumergidas y futuros biotecnol\u00f3gicos, proponiendo una nueva forma de imaginar lo vivo.<\/h3>\n<p>[\/vc_column_text][\/vc_column][vc_column column_width_percent=\u00bb100&#8243; gutter_size=\u00bb0&#8243; override_padding=\u00bbyes\u00bb column_padding=\u00bb0&#8243; overlay_alpha=\u00bb50&#8243; shift_x=\u00bb0&#8243; shift_y=\u00bb0&#8243; shift_y_down=\u00bb0&#8243; z_index=\u00bb0&#8243; medium_width=\u00bb0&#8243; mobile_width=\u00bb0&#8243; width=\u00bb1\/2&#8243; uncode_shortcode_id=\u00bb153449&#8243; css=\u00bb.vc_custom_1758093124786{border-top-width: 0px !important;border-bottom-width: 0px !important;padding-top: 0px !important;padding-bottom: 0px !important;}\u00bb el_class=\u00bbMarginCol2 MPFadeBloque\u00bb][vc_column_text uncode_shortcode_id=\u00bb240111&#8243;]<\/p>\n<p class=\"MainSerif grey\">Remembering Orion nace del di\u00e1logo entre lo humano y lo sint\u00e9tico, donde la IA act\u00faa como int\u00e9rprete de un universo interior. Inspirada por las artistas digitales de los noventa y por la est\u00e9tica de lo uncanny, lo extra\u00f1o se transforma en belleza l\u00edquida.<\/p>\n<p>[\/vc_column_text][vc_column_text uncode_shortcode_id=\u00bb185085&#8243;]<\/p>\n<p class=\"MainSerif grey\">En <em>\u00bfD\u00f3nde termina la carne y empieza el c\u00f3digo? Ascensi\u00f3n a una nueva realidad,<\/em>\u00a0se propone una reflexi\u00f3n visual sobre los l\u00edmites entre lo real y lo sint\u00e9tico: una biotecnolog\u00eda que parece viva, pero que en realidad respira desde el c\u00f3digo. <em>Ascensi\u00f3n a una nueva realidad <\/em>indaga en la posibilidad de trascender \u2014ya sea a trav\u00e9s de la espiritualidad, la tecnolog\u00eda, la magia ancestral o la conciencia expandida\u2014 hacia una dimensi\u00f3n donde lo humano se disuelve en algo m\u00e1s vasto y compartido.<\/p>\n<p>[\/vc_column_text][\/vc_column][vc_column column_width_percent=\u00bb100&#8243; gutter_size=\u00bb0&#8243; override_padding=\u00bbyes\u00bb column_padding=\u00bb0&#8243; overlay_alpha=\u00bb50&#8243; shift_x=\u00bb0&#8243; shift_y=\u00bb0&#8243; shift_y_down=\u00bb0&#8243; z_index=\u00bb0&#8243; medium_width=\u00bb0&#8243; mobile_width=\u00bb0&#8243; width=\u00bb1\/2&#8243; uncode_shortcode_id=\u00bb880477&#8243; css=\u00bb.vc_custom_1758093132843{border-top-width: 0px !important;border-bottom-width: 0px !important;padding-top: 0px !important;padding-bottom: 0px !important;}\u00bb el_class=\u00bbMPFadeBloque\u00bb][vc_column_text uncode_shortcode_id=\u00bb164298&#8243;]<\/p>\n<p class=\"MainSerif grey\">De est\u00e9tica l\u00edquida y postdigital, Remembering Orion indaga en los l\u00edmites entre lo org\u00e1nico y lo tecnol\u00f3gico. Reinterpreta el imaginario de las civilizaciones perdidas y los futuros posibles.<\/p>\n<p>[\/vc_column_text][vc_column_text uncode_shortcode_id=\u00bb948474&#8243;]<\/p>\n<p class=\"MainSerif grey\">\u00ab<em>Remembering Orion<\/em> es mi manera de conversar con la m\u00e1quina. No busco que me obedezca, sino que me interprete. Es mi mecanismo para completar los huecos que se han perdido a trav\u00e9s del tiempo. La IA se ha convertido en mi espejo l\u00edquido: refleja mis fantas\u00edas, mis delirios, mis contradicciones. A veces me devuelve im\u00e1genes que no reconozco, pero en ellas encuentro una verdad emocional que antes no pod\u00eda alcanzar con mis propias manos\u00bb.<br \/>\n(Elena P\u00e9rez)<\/p>\n<p>[\/vc_column_text][\/vc_column][\/vc_row][vc_row unlock_row_content=\u00bbyes\u00bb row_height_percent=\u00bb0&#8243; override_padding=\u00bbyes\u00bb h_padding=\u00bb0&#8243; top_padding=\u00bb2&#8243; bottom_padding=\u00bb0&#8243; overlay_alpha=\u00bb50&#8243; gutter_size=\u00bb3&#8243; column_width_percent=\u00bb100&#8243; shift_y=\u00bb0&#8243; z_index=\u00bb0&#8243; content_parallax=\u00bb0&#8243; uncode_shortcode_id=\u00bb932990&#8243; el_class=\u00bbDivMain MPFadeBloque Blur\u00bb][vc_column column_width_percent=\u00bb100&#8243; gutter_size=\u00bb0&#8243; override_padding=\u00bbyes\u00bb column_padding=\u00bb0&#8243; overlay_alpha=\u00bb50&#8243; shift_x=\u00bb0&#8243; shift_y=\u00bb0&#8243; shift_y_down=\u00bb0&#8243; z_index=\u00bb0&#8243; medium_width=\u00bb0&#8243; mobile_width=\u00bb0&#8243; width=\u00bb1\/2&#8243; uncode_shortcode_id=\u00bb193343&#8243; css=\u00bb.vc_custom_1758016230685{border-top-width: 0px !important;border-bottom-width: 0px !important;padding-top: 0px !important;padding-bottom: 0px !important;}\u00bb el_class=\u00bbMarginCol2&#8243;][vc_column_text uncode_shortcode_id=\u00bb741491&#8243; css=\u00bb.vc_custom_1757952593087{margin-bottom: 0px !important;padding-top: 30px !important;}\u00bb]<\/p>\n<hr class=\"linea-contenedor\" \/>\n<p>[\/vc_column_text][vc_column_text uncode_shortcode_id=\u00bb349136&#8243;]<\/p>\n<h6 class=\"serifTitulo NoMargin\">Lugar<\/h6>\n<h2 class=\"titulo2 colorG-interacciones\">E_CA<\/h2>\n<h3 class=\"Main MPFadeTexto1\">Espai d\u2019Art Contemporani del Castell de Riba-roja de T\u00faria<\/h3>\n<h6 class=\"serif MPFadeTexto1\">Carrer Cisterna, 28<br \/>\n46190<br \/>\nRiba-roja de T\u00faria<br \/>\nValencia<\/h6>\n<p>[\/vc_column_text][\/vc_column][vc_column column_width_percent=\u00bb100&#8243; gutter_size=\u00bb0&#8243; override_padding=\u00bbyes\u00bb column_padding=\u00bb0&#8243; overlay_alpha=\u00bb50&#8243; shift_x=\u00bb0&#8243; shift_y=\u00bb0&#8243; shift_y_down=\u00bb0&#8243; z_index=\u00bb0&#8243; medium_width=\u00bb0&#8243; mobile_width=\u00bb0&#8243; width=\u00bb1\/2&#8243; uncode_shortcode_id=\u00bb661352&#8243; css=\u00bb.vc_custom_1757950707043{border-top-width: 0px !important;border-bottom-width: 0px !important;padding-top: 0px !important;padding-bottom: 0px !important;}\u00bb][vc_column_text uncode_shortcode_id=\u00bb741491&#8243; css=\u00bb.vc_custom_1757952593087{margin-bottom: 0px !important;padding-top: 30px !important;}\u00bb]<\/p>\n<hr class=\"linea-contenedor\" \/>\n<p>[\/vc_column_text][vc_column_text uncode_shortcode_id=\u00bb131518&#8243;]<\/p>\n<h6 class=\"serifTitulo NoMargin\">Fecha<\/h6>\n<h2 class=\"titulo2 colorG-interacciones\">Del 31 En.<\/h2>\n<h3 class=\"Main MPFadeTexto1\">Al 06 Ab. 2026<\/h3>\n<h6 class=\"serif MPFadeTexto1\">Inauguraci\u00f3n:<br \/>\n31 Enero 2026<br \/>\na las 10:00h<\/h6>\n<p>[\/vc_column_text][\/vc_column][\/vc_row][vc_row unlock_row_content=\u00bbyes\u00bb row_height_percent=\u00bb0&#8243; override_padding=\u00bbyes\u00bb h_padding=\u00bb0&#8243; top_padding=\u00bb0&#8243; bottom_padding=\u00bb0&#8243; overlay_alpha=\u00bb50&#8243; gutter_size=\u00bb3&#8243; column_width_percent=\u00bb100&#8243; shift_y=\u00bb0&#8243; z_index=\u00bb0&#8243; content_parallax=\u00bb0&#8243; uncode_shortcode_id=\u00bb172498&#8243; el_class=\u00bbDivMain Linea1 Blur\u00bb css=\u00bb.vc_custom_1759389392055{margin-top: 0px !important;margin-bottom: 0px !important;padding-top: 0px !important;padding-bottom: 0px !important;}\u00bb][vc_column column_width_percent=\u00bb100&#8243; gutter_size=\u00bb0&#8243; override_padding=\u00bbyes\u00bb column_padding=\u00bb0&#8243; overlay_alpha=\u00bb50&#8243; shift_x=\u00bb0&#8243; shift_y=\u00bb0&#8243; shift_y_down=\u00bb0&#8243; z_index=\u00bb0&#8243; medium_width=\u00bb0&#8243; mobile_width=\u00bb0&#8243; width=\u00bb1\/1&#8243; uncode_shortcode_id=\u00bb189184&#8243; el_class=\u00bbhero-stack\u00bb css=\u00bb.vc_custom_1757950756738{border-top-width: 0px !important;border-bottom-width: 0px !important;padding-top: 0px !important;padding-bottom: 0px !important;}\u00bb][vc_column_text uncode_shortcode_id=\u00bb741491&#8243; css=\u00bb.vc_custom_1757952593087{margin-bottom: 0px !important;padding-top: 30px !important;}\u00bb]<\/p>\n<hr class=\"linea-contenedor\" \/>\n<p>[\/vc_column_text][\/vc_column][\/vc_row][vc_row unlock_row_content=\u00bbyes\u00bb row_height_percent=\u00bb0&#8243; override_padding=\u00bbyes\u00bb h_padding=\u00bb0&#8243; top_padding=\u00bb2&#8243; bottom_padding=\u00bb3&#8243; overlay_alpha=\u00bb50&#8243; gutter_size=\u00bb3&#8243; column_width_percent=\u00bb100&#8243; shift_y=\u00bb0&#8243; z_index=\u00bb0&#8243; content_parallax=\u00bb0&#8243; uncode_shortcode_id=\u00bb193051&#8243; el_class=\u00bbDivMain MPFadeBloque Blur\u00bb][vc_column column_width_percent=\u00bb100&#8243; gutter_size=\u00bb0&#8243; override_padding=\u00bbyes\u00bb column_padding=\u00bb0&#8243; overlay_alpha=\u00bb50&#8243; shift_x=\u00bb0&#8243; shift_y=\u00bb0&#8243; shift_y_down=\u00bb0&#8243; z_index=\u00bb0&#8243; medium_width=\u00bb0&#8243; mobile_width=\u00bb0&#8243; width=\u00bb1\/2&#8243; uncode_shortcode_id=\u00bb193343&#8243; css=\u00bb.vc_custom_1758016230685{border-top-width: 0px !important;border-bottom-width: 0px !important;padding-top: 0px !important;padding-bottom: 0px !important;}\u00bb el_class=\u00bbMarginCol2&#8243;][vc_button button_color=\u00bbcolor-205949&#8243; text_skin=\u00bbyes\u00bb border_width=\u00bb0&#8243; lbox_skin=\u00bbwhite\u00bb button_color_type=\u00bbuncode-palette\u00bb uncode_shortcode_id=\u00bb191583&#8243; link=\u00bburl:https%3A%2F%2Ftest-agraph.space%2Fcisma%2Flab%2Fint3raccion3es%2F|title:STACK\u00bb]VOLVER A INT3RACCION3S[\/vc_button][vc_empty_space empty_h=\u00bb2&#8243;][uncode_share layout=\u00bbmultiple\u00bb][\/vc_column][vc_column column_width_percent=\u00bb100&#8243; gutter_size=\u00bb0&#8243; override_padding=\u00bbyes\u00bb column_padding=\u00bb0&#8243; overlay_alpha=\u00bb50&#8243; shift_x=\u00bb0&#8243; shift_y=\u00bb0&#8243; shift_y_down=\u00bb0&#8243; z_index=\u00bb0&#8243; medium_width=\u00bb0&#8243; mobile_width=\u00bb0&#8243; width=\u00bb1\/2&#8243; uncode_shortcode_id=\u00bb661352&#8243; css=\u00bb.vc_custom_1757950707043{border-top-width: 0px !important;border-bottom-width: 0px !important;padding-top: 0px !important;padding-bottom: 0px !important;}\u00bb][\/vc_column][\/vc_row]<\/p>\n<\/div>","protected":false},"excerpt":{"rendered":"<p>[vc_row][vc_column width=\u00bb1\/1&#8243;][uncode_block id=\u00bb600&#8243;][\/vc_column][\/vc_row][vc_row unlock_row_content=\u00bbyes\u00bb row_height_percent=\u00bb0&#8243; override_padding=\u00bbyes\u00bb h_padding=\u00bb0&#8243; top_padding=\u00bb0&#8243; bottom_padding=\u00bb0&#8243; overlay_alpha=\u00bb50&#8243; gutter_size=\u00bb3&#8243; column_width_percent=\u00bb100&#8243; shift_y=\u00bb0&#8243; z_index=\u00bb3&#8243; content_parallax=\u00bb0&#8243; uncode_shortcode_id=\u00bb503573&#8243; el_class=\u00bbhero-wrap DivHeader Blur\u00bb][vc_column column_width_percent=\u00bb100&#8243; [&hellip;]<\/p>\n","protected":false},"author":1,"featured_media":1542,"parent":1270,"menu_order":0,"comment_status":"closed","ping_status":"closed","template":"","meta":{"footnotes":""},"class_list":["post-1426","page","type-page","status-publish","has-post-thumbnail","hentry","page_category-int3raccion3s-instalaciones","page_category-twb"],"_links":{"self":[{"href":"https:\/\/test-agraph.space\/cisma\/wp-json\/wp\/v2\/pages\/1426","targetHints":{"allow":["GET"]}}],"collection":[{"href":"https:\/\/test-agraph.space\/cisma\/wp-json\/wp\/v2\/pages"}],"about":[{"href":"https:\/\/test-agraph.space\/cisma\/wp-json\/wp\/v2\/types\/page"}],"author":[{"embeddable":true,"href":"https:\/\/test-agraph.space\/cisma\/wp-json\/wp\/v2\/users\/1"}],"replies":[{"embeddable":true,"href":"https:\/\/test-agraph.space\/cisma\/wp-json\/wp\/v2\/comments?post=1426"}],"version-history":[{"count":19,"href":"https:\/\/test-agraph.space\/cisma\/wp-json\/wp\/v2\/pages\/1426\/revisions"}],"predecessor-version":[{"id":2074,"href":"https:\/\/test-agraph.space\/cisma\/wp-json\/wp\/v2\/pages\/1426\/revisions\/2074"}],"up":[{"embeddable":true,"href":"https:\/\/test-agraph.space\/cisma\/wp-json\/wp\/v2\/pages\/1270"}],"wp:featuredmedia":[{"embeddable":true,"href":"https:\/\/test-agraph.space\/cisma\/wp-json\/wp\/v2\/media\/1542"}],"wp:attachment":[{"href":"https:\/\/test-agraph.space\/cisma\/wp-json\/wp\/v2\/media?parent=1426"}],"curies":[{"name":"wp","href":"https:\/\/api.w.org\/{rel}","templated":true}]}}