{"id":1041,"date":"2025-10-07T09:31:04","date_gmt":"2025-10-07T07:31:04","guid":{"rendered":"https:\/\/test-agraph.space\/cisma\/?page_id=1041"},"modified":"2026-01-14T09:40:25","modified_gmt":"2026-01-14T08:40:25","slug":"int3rmit3ncias","status":"publish","type":"page","link":"https:\/\/test-agraph.space\/cisma\/lab\/int3rmit3ncias\/","title":{"rendered":"Int3rmit3ncias"},"content":{"rendered":"<div class=\"wpb-content-wrapper\"><p>[vc_row][vc_column width=\u00bb1\/1&#8243;][uncode_block id=\u00bb600&#8243;][\/vc_column][\/vc_row][vc_row unlock_row_content=\u00bbyes\u00bb row_height_percent=\u00bb0&#8243; override_padding=\u00bbyes\u00bb h_padding=\u00bb0&#8243; top_padding=\u00bb0&#8243; bottom_padding=\u00bb0&#8243; overlay_alpha=\u00bb50&#8243; gutter_size=\u00bb3&#8243; column_width_percent=\u00bb100&#8243; shift_y=\u00bb0&#8243; z_index=\u00bb3&#8243; content_parallax=\u00bb0&#8243; uncode_shortcode_id=\u00bb184926&#8243; el_class=\u00bbhero-wrap DivHeader Blur\u00bb][vc_column column_width_percent=\u00bb100&#8243; gutter_size=\u00bb3&#8243; override_padding=\u00bbyes\u00bb column_padding=\u00bb0&#8243; overlay_alpha=\u00bb50&#8243; shift_x=\u00bb0&#8243; shift_y=\u00bb0&#8243; shift_y_down=\u00bb0&#8243; z_index=\u00bb0&#8243; medium_width=\u00bb0&#8243; mobile_width=\u00bb0&#8243; width=\u00bb1\/1&#8243; uncode_shortcode_id=\u00bb316626&#8243; el_class=\u00bbhero-stack\u00bb]\n\t\t\t\t<p class=\"rs-p-wp-fix\"><\/p>\n\t\t\t\t<sr7-module data-alias=\"art6\" data-id=\"20\" id=\"SR7_20_1\" class=\"rs-ov-hidden\" data-version=\"6.7.37\">\n\t\t\t\t\t<sr7-adjuster><\/sr7-adjuster>\n\t\t\t\t\t<sr7-content>\n\t\t\t\t\t\t<sr7-slide id=\"SR7_20_1-39\" data-key=\"39\">\n\t\t\t\t\t\t<\/sr7-slide>\n\t\t\t\t\t\t<sr7-slide id=\"SR7_20_1-40\" data-key=\"40\">\n\t\t\t\t\t\t<\/sr7-slide>\n\t\t\t\t\t<\/sr7-content>\n\t\t\t\t<\/sr7-module>\n\t\t\t\t<script>\n\t\t\t\t\tSR7.PMH ??={}; SR7.PMH[\"SR7_20_1\"] = {cn:100,state:false,fn: function() { if (_tpt!==undefined && _tpt.prepareModuleHeight !== undefined) {  _tpt.prepareModuleHeight({id:\"SR7_20_1\",el:[900,900,900,900,720],type:'standard',shdw:'0',gh:[900,900,900,900,720],gw:[1240,1240,1240,1240,480],vpt:['-100px&#039;,&#039;-100px&#039;,&#039;-100px&#039;,&#039;-100px&#039;,&#039;-100px'],size:{fullWidth:true, fullHeight:true},fho:'',mh:'0',onh:0,onw:0,bg:{color:'{\"orig\":\"transparent\",\"type\":\"solid\",\"string\":\"transparent\"}'}});   SR7.PMH[\"SR7_20_1\"].state=true;} else if(SR7.PMH[\"SR7_20_1\"].cn-->0)\tsetTimeout( SR7.PMH[\"SR7_20_1\"].fn,19);}};SR7.PMH[\"SR7_20_1\" ].fn();\n\t\t\t\t<\/script>\n[vc_column_text uncode_shortcode_id=\u00bb290315&#8243; el_class=\u00bbhero-top\u00bb]<\/p>\n<h1 class=\"tituloLab MPFadePalabras\">INT3R<br \/>\nMIT3NCIAS<\/h1>\n<h5 class=\"subtituloLab MPFadePalabras\">24.10.25-11.01.26 \/ E_CA Riba-roja<\/h5>\n<h2 class=\"subtituloLab colorG-blue MPFadeSubtitulo\">TarsLab \u00b7 Teresa Tom\u00e1s<br \/>\nBosch &amp; Simons \u00b7 Dr.Truna<br \/>\nRub\u00e9n Garc\u00eda Villaplana<br \/>\nRevendless \u00b7 M3T4-ANG3L<br \/>\nSilvana Andr\u00e9s \u00b7 Radiointer.net<\/h2>\n<p>[\/vc_column_text][vc_column_text uncode_shortcode_id=\u00bb762127&#8243; el_class=\u00bbhero-bottom MPFadeMenu1&#8243;]<\/p>\n<h3 class=\"Menu NoMarginDown\"><a class=\"_ps2id MPLinkAmarillo\" href=\"#info\" data-ps2id-offset=\"\">Info<\/a><br \/>\n<a class=\"_ps2id MPLinkAmarillo\" href=\"#propuestas\" data-ps2id-offset=\"\">Propuestas<\/a><br \/>\n<a class=\"_ps2id MPLinkAmarillo\" href=\"#lugar\" data-ps2id-offset=\"\">Lugar<\/a><\/h3>\n<p><a class=\"_ps2id MPLinkAmarillo\" href=\"#informacion\" data-ps2id-offset=\"\"><img decoding=\"async\" class=\"alignnone wp-image-75\" src=\"https:\/\/test-agraph.space\/cisma\/wp-content\/uploads\/2025\/09\/ArrowBlue.svg\" alt=\"\" width=\"30\" height=\"30\" \/><\/a>[\/vc_column_text][vc_column_text uncode_shortcode_id=\u00bb102218&#8243; el_class=\u00bbhero-br\u00bb]<\/p>\n<h3 class=\"Artwork NoMarginDown colorG-blue\" style=\"text-align: right;\"><a class=\"_ps2id MPLinkAmarillo\" href=\"#informacion\" data-ps2id-offset=\"\">Artwork by<\/a><br \/>\n<a class=\"_ps2id MPLinkAmarillo\" href=\"#participantes\" data-ps2id-offset=\"\">TarsLab<\/a><\/h3>\n<p>[\/vc_column_text][\/vc_column][\/vc_row][vc_row unlock_row_content=\u00bbyes\u00bb row_height_percent=\u00bb0&#8243; override_padding=\u00bbyes\u00bb h_padding=\u00bb0&#8243; top_padding=\u00bb0&#8243; bottom_padding=\u00bb0&#8243; overlay_alpha=\u00bb50&#8243; gutter_size=\u00bb3&#8243; column_width_percent=\u00bb100&#8243; shift_y=\u00bb0&#8243; z_index=\u00bb2&#8243; desktop_visibility=\u00bbyes\u00bb medium_visibility=\u00bbyes\u00bb content_parallax=\u00bb0&#8243; uncode_shortcode_id=\u00bb174078&#8243;][vc_column column_width_percent=\u00bb100&#8243; gutter_size=\u00bb3&#8243; overlay_alpha=\u00bb50&#8243; shift_x=\u00bb0&#8243; shift_y=\u00bb0&#8243; shift_y_down=\u00bb0&#8243; z_index=\u00bb0&#8243; medium_width=\u00bb0&#8243; mobile_width=\u00bb0&#8243; width=\u00bb1\/1&#8243; uncode_shortcode_id=\u00bb109131&#8243;]\n\t\t\t\t<p class=\"rs-p-wp-fix\"><\/p>\n\t\t\t\t<sr7-module data-alias=\"Back-Black\" data-id=\"14\" id=\"SR7_14_2\" class=\"Blur rs-ov-hidden\" data-version=\"6.7.37\">\n\t\t\t\t\t<sr7-adjuster><\/sr7-adjuster>\n\t\t\t\t\t<sr7-content>\n\t\t\t\t\t\t<sr7-slide id=\"SR7_14_2-27\" data-key=\"27\">\n\t\t\t\t\t\t<\/sr7-slide>\n\t\t\t\t\t\t<sr7-slide id=\"SR7_14_2-28\" data-key=\"28\">\n\t\t\t\t\t\t<\/sr7-slide>\n\t\t\t\t\t<\/sr7-content>\n\t\t\t\t<\/sr7-module>\n\t\t\t\t<script>\n\t\t\t\t\tSR7.PMH ??={}; SR7.PMH[\"SR7_14_2\"] = {cn:100,state:false,fn: function() { if (_tpt!==undefined && _tpt.prepareModuleHeight !== undefined) {  _tpt.prepareModuleHeight({id:\"SR7_14_2\",el:[80,80,80,80,100],fixed:true,type:'standard',shdw:'0',gh:[80,80,80,80,110],gw:[1240,1240,1240,1240,720],vpt:['-100px&#039;,&#039;-100px&#039;,&#039;-100px&#039;,&#039;-100px&#039;,&#039;-100px'],size:{fullWidth:true, fullHeight:false},mh:'0',onh:0,onw:0,bg:{color:'{\"orig\":\"transparent\",\"type\":\"solid\",\"string\":\"transparent\"}'}});   SR7.PMH[\"SR7_14_2\"].state=true;} else if(SR7.PMH[\"SR7_14_2\"].cn-->0)\tsetTimeout( SR7.PMH[\"SR7_14_2\"].fn,19);}};SR7.PMH[\"SR7_14_2\" ].fn();\n\t\t\t\t<\/script>\n[\/vc_column][\/vc_row][vc_row unlock_row_content=\u00bbyes\u00bb row_height_percent=\u00bb0&#8243; override_padding=\u00bbyes\u00bb h_padding=\u00bb0&#8243; top_padding=\u00bb2&#8243; bottom_padding=\u00bb0&#8243; overlay_alpha=\u00bb50&#8243; gutter_size=\u00bb3&#8243; column_width_percent=\u00bb100&#8243; shift_y=\u00bb0&#8243; z_index=\u00bb0&#8243; content_parallax=\u00bb0&#8243; uncode_shortcode_id=\u00bb791610&#8243; el_class=\u00bbDivMain Blur\u00bb][vc_column column_width_percent=\u00bb100&#8243; gutter_size=\u00bb0&#8243; override_padding=\u00bbyes\u00bb column_padding=\u00bb0&#8243; overlay_alpha=\u00bb50&#8243; shift_x=\u00bb0&#8243; shift_y=\u00bb0&#8243; shift_y_down=\u00bb0&#8243; z_index=\u00bb0&#8243; medium_width=\u00bb0&#8243; mobile_width=\u00bb0&#8243; width=\u00bb1\/1&#8243; uncode_shortcode_id=\u00bb189184&#8243; el_class=\u00bbhero-stack\u00bb css=\u00bb.vc_custom_1757950756738{border-top-width: 0px !important;border-bottom-width: 0px !important;padding-top: 0px !important;padding-bottom: 0px !important;}\u00bb][vc_column_text uncode_shortcode_id=\u00bb179591&#8243;]<\/p>\n<h5 class=\"subtituloLab\"><a id=\"informacion\"><\/a><\/h5>\n<p>[\/vc_column_text][vc_column_text uncode_shortcode_id=\u00bb136849&#8243; el_class=\u00bbMPFadeTexto1&#8243;]<\/p>\n<h6 class=\"serifTitulo\">Informaci\u00f3n<\/h6>\n<h3 class=\"Main\">El pr\u00f3ximo 24 de octubre a las 19:00h, el E_CA | Espai d\u2019Art Contemporani del Castell de Riba-roja de T\u00faria se transforma en un espacio de experimentaci\u00f3n expandida con Int3rmit3ncias, un acontecimiento desarrollado por cisma.art que conecta arte, ciencia, tecnolog\u00eda y pensamiento h\u00edbrido.<\/h3>\n<p>[\/vc_column_text][\/vc_column][vc_column column_width_percent=\u00bb100&#8243; gutter_size=\u00bb0&#8243; override_padding=\u00bbyes\u00bb column_padding=\u00bb0&#8243; overlay_alpha=\u00bb50&#8243; shift_x=\u00bb0&#8243; shift_y=\u00bb0&#8243; shift_y_down=\u00bb0&#8243; z_index=\u00bb0&#8243; medium_width=\u00bb0&#8243; mobile_width=\u00bb0&#8243; width=\u00bb1\/2&#8243; uncode_shortcode_id=\u00bb153449&#8243; css=\u00bb.vc_custom_1758093124786{border-top-width: 0px !important;border-bottom-width: 0px !important;padding-top: 0px !important;padding-bottom: 0px !important;}\u00bb el_class=\u00bbMarginCol2 MPFadeBloque\u00bb][vc_column_text uncode_shortcode_id=\u00bb196867&#8243;]<\/p>\n<p class=\"MainSerif grey\">M\u00e1s que una exposici\u00f3n, Int3rmit3ncias es un <strong>laboratorio<\/strong>. Un encuentro de artistas internacionales y locales que activan el E_CA mediante instalaciones sonoras, performances audiovisuales, pedagog\u00eda expandida y propuestas digitales y anal\u00f3gicas que invitan a nuevas formas de percepci\u00f3n y reflexi\u00f3n.<\/p>\n<p>[\/vc_column_text][\/vc_column][vc_column column_width_percent=\u00bb100&#8243; gutter_size=\u00bb0&#8243; override_padding=\u00bbyes\u00bb column_padding=\u00bb0&#8243; overlay_alpha=\u00bb50&#8243; shift_x=\u00bb0&#8243; shift_y=\u00bb0&#8243; shift_y_down=\u00bb0&#8243; z_index=\u00bb0&#8243; medium_width=\u00bb0&#8243; mobile_width=\u00bb0&#8243; width=\u00bb1\/2&#8243; uncode_shortcode_id=\u00bb880477&#8243; css=\u00bb.vc_custom_1758093132843{border-top-width: 0px !important;border-bottom-width: 0px !important;padding-top: 0px !important;padding-bottom: 0px !important;}\u00bb el_class=\u00bbMPFadeBloque\u00bb][vc_column_text uncode_shortcode_id=\u00bb132557&#8243;]<\/p>\n<p class=\"MainSerif grey\">Int3rmit3ncias abre un espacio donde lo anal\u00f3gico y lo digital, lo sensible y lo tecnol\u00f3gico, lo ritual y lo experimental conviven. El p\u00fablico encontrar\u00e1 en el E_CA no solo un conjunto de obras, sino una experiencia colectiva e inmersiva que articula presente y futuro desde la creaci\u00f3n art\u00edstica contempor\u00e1nea.<\/p>\n<p>[\/vc_column_text][\/vc_column][\/vc_row][vc_row unlock_row_content=\u00bbyes\u00bb row_height_percent=\u00bb0&#8243; override_padding=\u00bbyes\u00bb h_padding=\u00bb0&#8243; top_padding=\u00bb2&#8243; bottom_padding=\u00bb0&#8243; overlay_alpha=\u00bb50&#8243; gutter_size=\u00bb3&#8243; column_width_percent=\u00bb100&#8243; shift_y=\u00bb0&#8243; z_index=\u00bb0&#8243; content_parallax=\u00bb0&#8243; uncode_shortcode_id=\u00bb497301&#8243; el_class=\u00bbDivMain MPFadeBloque Blur\u00bb][vc_column column_width_percent=\u00bb100&#8243; gutter_size=\u00bb0&#8243; override_padding=\u00bbyes\u00bb column_padding=\u00bb0&#8243; overlay_alpha=\u00bb50&#8243; shift_x=\u00bb0&#8243; shift_y=\u00bb0&#8243; shift_y_down=\u00bb0&#8243; z_index=\u00bb0&#8243; medium_width=\u00bb0&#8243; mobile_width=\u00bb0&#8243; width=\u00bb1\/2&#8243; uncode_shortcode_id=\u00bb193343&#8243; css=\u00bb.vc_custom_1758016230685{border-top-width: 0px !important;border-bottom-width: 0px !important;padding-top: 0px !important;padding-bottom: 0px !important;}\u00bb el_class=\u00bbMarginCol2&#8243;][vc_column_text uncode_shortcode_id=\u00bb741491&#8243; css=\u00bb.vc_custom_1757952593087{margin-bottom: 0px !important;padding-top: 30px !important;}\u00bb]<\/p>\n<hr class=\"linea-contenedor\" \/>\n<p>[\/vc_column_text][vc_column_text uncode_shortcode_id=\u00bb755293&#8243;]<\/p>\n<h6 class=\"serifTitulo NoMargin\">Lugar<\/h6>\n<h2 class=\"titulo2 colorG-blue\">E_CA<\/h2>\n<h3 class=\"Main MPFadeTexto1\">Espai d\u2019Art Contemporani del Castell de Riba-roja de T\u00faria<\/h3>\n<h6 class=\"serif MPFadeTexto1\">Carrer Cisterna, 28<br \/>\n46190 Riba-Roja de T\u00faria<br \/>\nVal\u00e8ncia<\/h6>\n<p>[\/vc_column_text][\/vc_column][vc_column column_width_percent=\u00bb100&#8243; gutter_size=\u00bb0&#8243; override_padding=\u00bbyes\u00bb column_padding=\u00bb0&#8243; overlay_alpha=\u00bb50&#8243; shift_x=\u00bb0&#8243; shift_y=\u00bb0&#8243; shift_y_down=\u00bb0&#8243; z_index=\u00bb0&#8243; medium_width=\u00bb0&#8243; mobile_width=\u00bb0&#8243; width=\u00bb1\/2&#8243; uncode_shortcode_id=\u00bb661352&#8243; css=\u00bb.vc_custom_1757950707043{border-top-width: 0px !important;border-bottom-width: 0px !important;padding-top: 0px !important;padding-bottom: 0px !important;}\u00bb][vc_column_text uncode_shortcode_id=\u00bb741491&#8243; css=\u00bb.vc_custom_1757952593087{margin-bottom: 0px !important;padding-top: 30px !important;}\u00bb]<\/p>\n<hr class=\"linea-contenedor\" \/>\n<p>[\/vc_column_text][vc_column_text uncode_shortcode_id=\u00bb454170&#8243;]<\/p>\n<h6 class=\"serifTitulo NoMargin\">Fecha<\/h6>\n<h2 class=\"titulo2 colorG-blue\">Del 24 Oct. 2025<\/h2>\n<h3 class=\"Main MPFadeTexto1\">Al 11 Ene. 2026<\/h3>\n<h6 class=\"serif MPFadeTexto1\">Inauguraci\u00f3n:<br \/>\n24 Octubre 2025<br \/>\na las 18:30h<\/h6>\n<p>[\/vc_column_text][\/vc_column][\/vc_row][vc_row unlock_row_content=\u00bbyes\u00bb row_height_percent=\u00bb0&#8243; override_padding=\u00bbyes\u00bb h_padding=\u00bb0&#8243; top_padding=\u00bb0&#8243; bottom_padding=\u00bb0&#8243; overlay_alpha=\u00bb50&#8243; gutter_size=\u00bb3&#8243; column_width_percent=\u00bb100&#8243; shift_y=\u00bb0&#8243; z_index=\u00bb0&#8243; content_parallax=\u00bb0&#8243; uncode_shortcode_id=\u00bb529560&#8243; el_class=\u00bbDivMain Linea1 Blur\u00bb css=\u00bb.vc_custom_1758531658674{margin-top: 0px !important;margin-bottom: 0px !important;padding-top: 0px !important;padding-bottom: 0px !important;}\u00bb][vc_column column_width_percent=\u00bb100&#8243; gutter_size=\u00bb0&#8243; override_padding=\u00bbyes\u00bb column_padding=\u00bb0&#8243; overlay_alpha=\u00bb50&#8243; shift_x=\u00bb0&#8243; shift_y=\u00bb0&#8243; shift_y_down=\u00bb0&#8243; z_index=\u00bb0&#8243; medium_width=\u00bb0&#8243; mobile_width=\u00bb0&#8243; width=\u00bb1\/1&#8243; uncode_shortcode_id=\u00bb189184&#8243; el_class=\u00bbhero-stack\u00bb css=\u00bb.vc_custom_1757950756738{border-top-width: 0px !important;border-bottom-width: 0px !important;padding-top: 0px !important;padding-bottom: 0px !important;}\u00bb][vc_column_text uncode_shortcode_id=\u00bb741491&#8243; css=\u00bb.vc_custom_1757952593087{margin-bottom: 0px !important;padding-top: 30px !important;}\u00bb]<\/p>\n<hr class=\"linea-contenedor\" \/>\n<p>[\/vc_column_text][\/vc_column][\/vc_row][vc_row unlock_row_content=\u00bbyes\u00bb row_height_percent=\u00bb0&#8243; override_padding=\u00bbyes\u00bb h_padding=\u00bb0&#8243; top_padding=\u00bb0&#8243; bottom_padding=\u00bb0&#8243; overlay_alpha=\u00bb50&#8243; gutter_size=\u00bb3&#8243; column_width_percent=\u00bb100&#8243; shift_y=\u00bb0&#8243; z_index=\u00bb0&#8243; content_parallax=\u00bb0&#8243; uncode_shortcode_id=\u00bb988437&#8243; el_class=\u00bbDivMain Blur\u00bb][vc_column column_width_percent=\u00bb100&#8243; gutter_size=\u00bb0&#8243; override_padding=\u00bbyes\u00bb column_padding=\u00bb0&#8243; overlay_alpha=\u00bb50&#8243; shift_x=\u00bb0&#8243; shift_y=\u00bb0&#8243; shift_y_down=\u00bb0&#8243; z_index=\u00bb0&#8243; medium_width=\u00bb0&#8243; mobile_width=\u00bb0&#8243; width=\u00bb1\/1&#8243; uncode_shortcode_id=\u00bb189184&#8243; el_class=\u00bbhero-stack\u00bb css=\u00bb.vc_custom_1757950756738{border-top-width: 0px !important;border-bottom-width: 0px !important;padding-top: 0px !important;padding-bottom: 0px !important;}\u00bb][vc_column_text uncode_shortcode_id=\u00bb425567&#8243;]<\/p>\n<h5 class=\"subtituloLab\"><a id=\"propuestas\"><\/a><\/h5>\n<p>[\/vc_column_text][vc_column_text uncode_shortcode_id=\u00bb782755&#8243;]<\/p>\n<h6 class=\"serifTitulo grey\">02<\/h6>\n<h2 class=\"tituloApartado colorG-blue MPFadeTextDeg\">Propuestas<\/h2>\n<p>[\/vc_column_text][uncode_index el_id=\u00bbindex-1288954&#8243; isotope_mode=\u00bbfitRows\u00bb loop=\u00bbsize:10|order_by:date|post_type:page|tax_query:16|taxonomy_count:10&#8243; screen_lg=\u00bb1000&#8243; screen_md=\u00bb600&#8243; screen_sm=\u00bb480&#8243; gutter_size=\u00bb3&#8243; page_items=\u00bbmedia|featured|onpost|original,detail-294078|-,detail-109954|-,detail-834497|-,detail-776103|-,spacer|one\u00bb portfolio_items=\u00bbmedia|featured|onpost|original,text|excerpt\u00bb single_width=\u00bb3&#8243; images_size=\u00bbone-one\u00bb single_style=\u00bbdark\u00bb single_overlay_color=\u00bbcolor-jevc\u00bb single_overlay_opacity=\u00bb50&#8243; single_padding=\u00bb2&#8243; single_title_dimension=\u00bbcustom\u00bb single_title_weight=\u00bb700&#8243; single_border=\u00bbyes\u00bb no_double_tap=\u00bbyes\u00bb uncode_shortcode_id=\u00bb174487&#8243; heading_custom_size=\u00bb45&#8243;][\/vc_column][\/vc_row][vc_row unlock_row_content=\u00bbyes\u00bb row_height_percent=\u00bb0&#8243; override_padding=\u00bbyes\u00bb h_padding=\u00bb0&#8243; top_padding=\u00bb0&#8243; bottom_padding=\u00bb0&#8243; overlay_alpha=\u00bb50&#8243; gutter_size=\u00bb3&#8243; column_width_percent=\u00bb100&#8243; shift_y=\u00bb0&#8243; z_index=\u00bb0&#8243; content_parallax=\u00bb0&#8243; uncode_shortcode_id=\u00bb157195&#8243; el_class=\u00bbDivMain Linea1 Blur\u00bb css=\u00bb.vc_custom_1758531673478{margin-top: 0px !important;margin-bottom: 0px !important;padding-top: 0px !important;padding-bottom: 0px !important;}\u00bb][vc_column column_width_percent=\u00bb100&#8243; gutter_size=\u00bb0&#8243; override_padding=\u00bbyes\u00bb column_padding=\u00bb0&#8243; overlay_alpha=\u00bb50&#8243; shift_x=\u00bb0&#8243; shift_y=\u00bb0&#8243; shift_y_down=\u00bb0&#8243; z_index=\u00bb0&#8243; medium_width=\u00bb0&#8243; mobile_width=\u00bb0&#8243; width=\u00bb1\/1&#8243; uncode_shortcode_id=\u00bb189184&#8243; el_class=\u00bbhero-stack\u00bb css=\u00bb.vc_custom_1757950756738{border-top-width: 0px !important;border-bottom-width: 0px !important;padding-top: 0px !important;padding-bottom: 0px !important;}\u00bb][vc_column_text uncode_shortcode_id=\u00bb741491&#8243; css=\u00bb.vc_custom_1757952593087{margin-bottom: 0px !important;padding-top: 30px !important;}\u00bb]<\/p>\n<hr class=\"linea-contenedor\" \/>\n<p>[\/vc_column_text][\/vc_column][\/vc_row][vc_row unlock_row_content=\u00bbyes\u00bb row_height_percent=\u00bb0&#8243; override_padding=\u00bbyes\u00bb h_padding=\u00bb0&#8243; top_padding=\u00bb2&#8243; bottom_padding=\u00bb0&#8243; overlay_alpha=\u00bb50&#8243; gutter_size=\u00bb3&#8243; column_width_percent=\u00bb100&#8243; shift_y=\u00bb0&#8243; z_index=\u00bb0&#8243; content_parallax=\u00bb0&#8243; uncode_shortcode_id=\u00bb932990&#8243; el_class=\u00bbDivMain MPFadeBloque Blur\u00bb][vc_column column_width_percent=\u00bb100&#8243; gutter_size=\u00bb0&#8243; override_padding=\u00bbyes\u00bb column_padding=\u00bb0&#8243; overlay_alpha=\u00bb50&#8243; shift_x=\u00bb0&#8243; shift_y=\u00bb0&#8243; shift_y_down=\u00bb0&#8243; z_index=\u00bb0&#8243; medium_width=\u00bb0&#8243; mobile_width=\u00bb0&#8243; width=\u00bb1\/1&#8243; uncode_shortcode_id=\u00bb193343&#8243; css=\u00bb.vc_custom_1758016230685{border-top-width: 0px !important;border-bottom-width: 0px !important;padding-top: 0px !important;padding-bottom: 0px !important;}\u00bb el_class=\u00bbMarginCol2&#8243;][vc_column_text uncode_shortcode_id=\u00bb168970&#8243;]<\/p>\n<h6 class=\"serifTitulo NoMargin\">Video<\/h6>\n<h2 class=\"titulo2 colorG-blue\">Int3rmit3ncias<\/h2>\n<h3 class=\"Main MPFadeTexto1\">cisma.art<\/h3>\n<h6 class=\"serif MPFadeTexto1\">Video by Studio Coconut<\/h6>\n<p>[\/vc_column_text][vc_empty_space empty_h=\u00bb2&#8243;][vc_single_image media=\u00bb1497&#8243; media_width_percent=\u00bb100&#8243; uncode_shortcode_id=\u00bb194518&#8243;][\/vc_column][\/vc_row][vc_row unlock_row_content=\u00bbyes\u00bb row_height_percent=\u00bb0&#8243; override_padding=\u00bbyes\u00bb h_padding=\u00bb0&#8243; top_padding=\u00bb0&#8243; bottom_padding=\u00bb0&#8243; overlay_alpha=\u00bb50&#8243; gutter_size=\u00bb3&#8243; column_width_percent=\u00bb100&#8243; shift_y=\u00bb0&#8243; z_index=\u00bb0&#8243; content_parallax=\u00bb0&#8243; uncode_shortcode_id=\u00bb259426&#8243; el_class=\u00bbDivMain Linea1 Blur\u00bb css=\u00bb.vc_custom_1758531707607{margin-top: 0px !important;margin-bottom: 0px !important;padding-top: 0px !important;padding-bottom: 0px !important;}\u00bb][vc_column column_width_percent=\u00bb100&#8243; gutter_size=\u00bb0&#8243; override_padding=\u00bbyes\u00bb column_padding=\u00bb0&#8243; overlay_alpha=\u00bb50&#8243; shift_x=\u00bb0&#8243; shift_y=\u00bb0&#8243; shift_y_down=\u00bb0&#8243; z_index=\u00bb0&#8243; medium_width=\u00bb0&#8243; mobile_width=\u00bb0&#8243; width=\u00bb1\/1&#8243; uncode_shortcode_id=\u00bb189184&#8243; el_class=\u00bbhero-stack\u00bb css=\u00bb.vc_custom_1757950756738{border-top-width: 0px !important;border-bottom-width: 0px !important;padding-top: 0px !important;padding-bottom: 0px !important;}\u00bb][vc_column_text uncode_shortcode_id=\u00bb741491&#8243; css=\u00bb.vc_custom_1757952593087{margin-bottom: 0px !important;padding-top: 30px !important;}\u00bb]<\/p>\n<hr class=\"linea-contenedor\" \/>\n<p>[\/vc_column_text][\/vc_column][\/vc_row]<\/p>\n<\/div>","protected":false},"excerpt":{"rendered":"<p>[vc_row][vc_column width=\u00bb1\/1&#8243;][uncode_block id=\u00bb600&#8243;][\/vc_column][\/vc_row][vc_row unlock_row_content=\u00bbyes\u00bb row_height_percent=\u00bb0&#8243; override_padding=\u00bbyes\u00bb h_padding=\u00bb0&#8243; top_padding=\u00bb0&#8243; bottom_padding=\u00bb0&#8243; overlay_alpha=\u00bb50&#8243; gutter_size=\u00bb3&#8243; column_width_percent=\u00bb100&#8243; shift_y=\u00bb0&#8243; z_index=\u00bb3&#8243; content_parallax=\u00bb0&#8243; uncode_shortcode_id=\u00bb184926&#8243; el_class=\u00bbhero-wrap DivHeader Blur\u00bb][vc_column column_width_percent=\u00bb100&#8243; [&hellip;]<\/p>\n","protected":false},"author":1,"featured_media":1133,"parent":361,"menu_order":0,"comment_status":"closed","ping_status":"closed","template":"","meta":{"footnotes":""},"class_list":["post-1041","page","type-page","status-publish","has-post-thumbnail","hentry","page_category-lab","page_category-on-focus"],"_links":{"self":[{"href":"https:\/\/test-agraph.space\/cisma\/wp-json\/wp\/v2\/pages\/1041","targetHints":{"allow":["GET"]}}],"collection":[{"href":"https:\/\/test-agraph.space\/cisma\/wp-json\/wp\/v2\/pages"}],"about":[{"href":"https:\/\/test-agraph.space\/cisma\/wp-json\/wp\/v2\/types\/page"}],"author":[{"embeddable":true,"href":"https:\/\/test-agraph.space\/cisma\/wp-json\/wp\/v2\/users\/1"}],"replies":[{"embeddable":true,"href":"https:\/\/test-agraph.space\/cisma\/wp-json\/wp\/v2\/comments?post=1041"}],"version-history":[{"count":15,"href":"https:\/\/test-agraph.space\/cisma\/wp-json\/wp\/v2\/pages\/1041\/revisions"}],"predecessor-version":[{"id":2102,"href":"https:\/\/test-agraph.space\/cisma\/wp-json\/wp\/v2\/pages\/1041\/revisions\/2102"}],"up":[{"embeddable":true,"href":"https:\/\/test-agraph.space\/cisma\/wp-json\/wp\/v2\/pages\/361"}],"wp:featuredmedia":[{"embeddable":true,"href":"https:\/\/test-agraph.space\/cisma\/wp-json\/wp\/v2\/media\/1133"}],"wp:attachment":[{"href":"https:\/\/test-agraph.space\/cisma\/wp-json\/wp\/v2\/media?parent=1041"}],"curies":[{"name":"wp","href":"https:\/\/api.w.org\/{rel}","templated":true}]}}